{"id":57,"date":"2023-03-07T14:32:43","date_gmt":"2023-03-07T13:32:43","guid":{"rendered":"http:\/\/pdfbtpj.cluster030.hosting.ovh.net\/?page_id=57"},"modified":"2024-01-25T16:00:25","modified_gmt":"2024-01-25T15:00:25","slug":"contact","status":"publish","type":"page","link":"https:\/\/pdf-btp.fr\/index.php\/contact\/","title":{"rendered":"Articles &#038; Actualit\u00e9s"},"content":{"rendered":"\n<hr class=\"wp-block-separator has-alpha-channel-opacity\"\/>\n\n\n\n<hr class=\"wp-block-separator has-alpha-channel-opacity is-style-dots\"\/>\n\n\n\n<figure class=\"wp-block-image aligncenter size-large is-resized\"><img decoding=\"async\" width=\"1024\" height=\"474\" data-src=\"http:\/\/pdfbtpj.cluster030.hosting.ovh.net\/wp-content\/uploads\/2023\/03\/LOGO-APP-1024x474.jpg\" alt=\"\" class=\"wp-image-207 lazyload\" style=\"--smush-placeholder-width: 1024px; --smush-placeholder-aspect-ratio: 1024\/474;width:157px;height:72px\" data-srcset=\"https:\/\/pdf-btp.fr\/wp-content\/uploads\/2023\/03\/LOGO-APP-1024x474.jpg 1024w, https:\/\/pdf-btp.fr\/wp-content\/uploads\/2023\/03\/LOGO-APP-300x139.jpg 300w, https:\/\/pdf-btp.fr\/wp-content\/uploads\/2023\/03\/LOGO-APP-768x355.jpg 768w, https:\/\/pdf-btp.fr\/wp-content\/uploads\/2023\/03\/LOGO-APP.jpg 1063w\" data-sizes=\"(max-width: 1024px) 100vw, 1024px\" src=\"data:image\/svg+xml;base64,PHN2ZyB3aWR0aD0iMSIgaGVpZ2h0PSIxIiB4bWxucz0iaHR0cDovL3d3dy53My5vcmcvMjAwMC9zdmciPjwvc3ZnPg==\" \/><\/figure>\n\n\n\n<p class=\"has-text-align-center has-white-background-color has-background has-medium-font-size\">L&rsquo;entreprise <strong>PDF-BTP est un membre fondateur de <em>l&rsquo;association professionnelle des paveurs<\/em><\/strong>. <\/p>\n\n\n\n<p class=\"has-text-align-center has-white-background-color has-background has-medium-font-size\">L\u2019APP (l\u2019Association professionnelle des paveurs) est une association professionnelle qui regroupe des entreprises sp\u00e9cialis\u00e9es en pavage leaders sur le march\u00e9 francilien. <strong>Son domaine de comp\u00e9tence est l\u2019am\u00e9nagement de voiries et d\u2019espaces publics en rev\u00eatements modulaires en pierre naturelle ou en b\u00e9ton. <\/strong><\/p>\n\n\n\n<p class=\"has-text-align-center has-white-background-color has-background has-medium-font-size\">Paver ses chauss\u00e9es et ses routes, n\u2019est-ce pas l\u2019apanage de toute cit\u00e9 civilis\u00e9e ?  <em>Consultez l&rsquo;histoire du pavage parisien et de son \u00e9volution au fil du temps: <\/em> <a href=\"https:\/\/www.assopaveurs.fr\/\">https:\/\/www.assopaveurs.fr<\/a><\/p>\n\n\n\n<hr class=\"wp-block-separator has-alpha-channel-opacity\"\/>\n\n\n\n<hr class=\"wp-block-separator has-alpha-channel-opacity is-style-dots\"\/>\n\n\n\n<figure class=\"wp-block-image aligncenter size-full is-resized\"><img decoding=\"async\" width=\"530\" height=\"203\" data-src=\"http:\/\/pdfbtpj.cluster030.hosting.ovh.net\/wp-content\/uploads\/2023\/03\/Logo-Specbea-e1678736244457.jpg\" alt=\"\" class=\"wp-image-213 lazyload\" style=\"--smush-placeholder-width: 530px; --smush-placeholder-aspect-ratio: 530\/203;width:135px;height:51px\" data-srcset=\"https:\/\/pdf-btp.fr\/wp-content\/uploads\/2023\/03\/Logo-Specbea-e1678736244457.jpg 530w, https:\/\/pdf-btp.fr\/wp-content\/uploads\/2023\/03\/Logo-Specbea-e1678736244457-300x115.jpg 300w\" data-sizes=\"(max-width: 530px) 100vw, 530px\" src=\"data:image\/svg+xml;base64,PHN2ZyB3aWR0aD0iMSIgaGVpZ2h0PSIxIiB4bWxucz0iaHR0cDovL3d3dy53My5vcmcvMjAwMC9zdmciPjwvc3ZnPg==\" \/><\/figure>\n\n\n\n<p class=\"has-text-align-center has-white-background-color has-background has-medium-font-size\">L&rsquo;entreprise <strong>PDF-BTP est membre correspondant au Specbea, sp\u00e9cialiste de la chauss\u00e9e en b\u00e9ton et des am\u00e9nagements. <\/strong><\/p>\n\n\n\n<p class=\"has-text-align-center has-white-background-color has-background has-medium-font-size\">Au moment de sa cr\u00e9ation, en 1936, l\u2019activit\u00e9 du Syndicat Professionnel des Entrepreneurs de Chauss\u00e9es en B\u00e9ton et d\u2019\u00c9quipements Annexes portait essentiellement sur le d\u00e9veloppement des chauss\u00e9es en b\u00e9ton de ciment. Depuis, le domaine d\u2019activit\u00e9 des entreprises adh\u00e9rentes au SPECBEA a profond\u00e9ment chang\u00e9. Dor\u00e9navant, la r\u00e9alisation des voiries urbaines, des plates-formes de tramways, les am\u00e9nagements urbains, les ouvrages d\u2019assainissement et de s\u00e9curit\u00e9 en b\u00e9ton extrud\u00e9 sont au c\u0153ur des m\u00e9tiers qu\u2019il d\u00e9fend. Il est d\u00e9sormais le repr\u00e9sentant des&nbsp;<strong>sp\u00e9cialistes de la chauss\u00e9e en b\u00e9ton et des am\u00e9nagements<\/strong>. <a href=\"https:\/\/www.specbea.com\/\">https:\/\/www.specbea.com\/<\/a><\/p>\n\n\n\n<hr class=\"wp-block-separator has-alpha-channel-opacity\"\/>\n\n\n\n<hr class=\"wp-block-separator has-alpha-channel-opacity is-style-dots\"\/>\n\n\n\n<figure class=\"wp-block-image aligncenter size-large is-resized\"><img decoding=\"async\" width=\"1024\" height=\"683\" data-src=\"http:\/\/pdfbtpj.cluster030.hosting.ovh.net\/wp-content\/uploads\/2023\/03\/005_Villejuif_Residence_Etudiants_Pasteur_BD-1024x683.jpg\" alt=\"\" class=\"wp-image-138 lazyload\" style=\"--smush-placeholder-width: 1024px; --smush-placeholder-aspect-ratio: 1024\/683;width:140px;height:94px\" data-srcset=\"https:\/\/pdf-btp.fr\/wp-content\/uploads\/2023\/03\/005_Villejuif_Residence_Etudiants_Pasteur_BD-1024x683.jpg 1024w, https:\/\/pdf-btp.fr\/wp-content\/uploads\/2023\/03\/005_Villejuif_Residence_Etudiants_Pasteur_BD-300x200.jpg 300w, https:\/\/pdf-btp.fr\/wp-content\/uploads\/2023\/03\/005_Villejuif_Residence_Etudiants_Pasteur_BD-768x512.jpg 768w, https:\/\/pdf-btp.fr\/wp-content\/uploads\/2023\/03\/005_Villejuif_Residence_Etudiants_Pasteur_BD-1536x1024.jpg 1536w, https:\/\/pdf-btp.fr\/wp-content\/uploads\/2023\/03\/005_Villejuif_Residence_Etudiants_Pasteur_BD-2048x1365.jpg 2048w, https:\/\/pdf-btp.fr\/wp-content\/uploads\/2023\/03\/005_Villejuif_Residence_Etudiants_Pasteur_BD-2000x1333.jpg 2000w\" data-sizes=\"(max-width: 1024px) 100vw, 1024px\" src=\"data:image\/svg+xml;base64,PHN2ZyB3aWR0aD0iMSIgaGVpZ2h0PSIxIiB4bWxucz0iaHR0cDovL3d3dy53My5vcmcvMjAwMC9zdmciPjwvc3ZnPg==\" \/><\/figure>\n\n\n\n<p class=\"has-text-align-center has-white-background-color has-background has-medium-font-size\"><a href=\"https:\/\/www.specbea.com\/nos-actions\/nos-publications\/\" data-type=\"URL\" data-id=\"https:\/\/www.specbea.com\/nos-actions\/nos-publications\/\"><strong>Le<\/strong> <strong>B\u00e9ton <\/strong><\/a><\/p>\n\n\n\n<p class=\"has-text-align-center has-white-background-color has-background has-medium-font-size\">L\u2019une des caract\u00e9ristiques essentielles du b\u00e9ton est d\u2019\u00eatre un mat\u00e9riau sinon artisanal, du moins toujours \u00ab sur mesure \u00bb. Il peut \u00eatre coffr\u00e9 et coul\u00e9 sur place ou au contraire pr\u00e9fabriqu\u00e9. Il est d\u2019une grande disponibilit\u00e9, ce qui fait son paradoxe : mat\u00e9riau indestructible, voire fig\u00e9, il est pourtant l\u2019un des plus souples et des moins contraignants. De nos jours, le b\u00e9ton arm\u00e9 est devenu un mat\u00e9riau de construction incontournable. Il a \u00e9t\u00e9 en grande partie invent\u00e9, promu et d\u00e9velopp\u00e9 en France. Il s&rsquo;est trouv\u00e9 formidablement favoris\u00e9 du fait de la r\u00e9glementation fran\u00e7aise imposant des garanties et assurances \u00e0 long terme sur les constructions, ce mat\u00e9riau se pr\u00eatant \u00e0 merveille \u00e0 l&rsquo;ouvrage que l&rsquo;on souhaite p\u00e9renne et fiable.<\/p>\n\n\n\n<hr class=\"wp-block-separator has-alpha-channel-opacity\"\/>\n\n\n\n<hr class=\"wp-block-separator has-alpha-channel-opacity is-style-dots\"\/>\n\n\n<p style=\"text-align: center;\"><strong>Liens Utiles<\/strong><\/p>\n<p style=\"text-align: center;\"><a href=\"https:\/\/www.fntp.fr\/\">FNTP<\/a> : F\u00e9d\u00e9ration National des Travaux Publics<\/p>\n<p style=\"text-align: center;\"><a href=\"https:\/\/www.frtpidf.fr\/\">FRTP IDF<\/a> : F\u00e9d\u00e9ration R\u00e9gionale des Travaux Publics<\/p>\n<p style=\"text-align: center;\"><a href=\"https:\/\/www.ffbatiment.fr\/\">FFB<\/a> : F\u00e9d\u00e9ration Fran\u00e7aise du B\u00e2timent<\/p>\n\n\n<hr class=\"wp-block-separator has-alpha-channel-opacity\"\/>\n\n\n\n<hr class=\"wp-block-separator has-alpha-channel-opacity is-style-dots\"\/>\n","protected":false},"excerpt":{"rendered":"<p>L&rsquo;entreprise PDF-BTP est un membre fondateur de l&rsquo;association professionnelle des paveurs. L\u2019APP (l\u2019Association professionnelle des paveurs) est une association professionnelle qui regroupe des entreprises sp\u00e9cialis\u00e9es en pavage leaders sur le march\u00e9 francilien. Son domaine de comp\u00e9tence est l\u2019am\u00e9nagement de voiries et d\u2019espaces publics en rev\u00eatements modulaires en pierre naturelle ou en b\u00e9ton. Paver ses chauss\u00e9es &hellip; <\/p>\n<p class=\"link-more\"><a href=\"https:\/\/pdf-btp.fr\/index.php\/contact\/\" class=\"more-link\">Lire la suite de<span class=\"screen-reader-text\">\u00ab\u00a0Articles &#038; Actualit\u00e9s\u00a0\u00bb<\/span><\/a><\/p>\n","protected":false},"author":3,"featured_media":159,"parent":0,"menu_order":0,"comment_status":"closed","ping_status":"closed","template":"","meta":{"footnotes":""},"class_list":["post-57","page","type-page","status-publish","has-post-thumbnail","hentry"],"yoast_head":"<!-- This site is optimized with the Yoast SEO plugin v27.4 - https:\/\/yoast.com\/product\/yoast-seo-wordpress\/ -->\n<title>Articles &amp; Actualit\u00e9s - PDF-BTP<\/title>\n<meta name=\"robots\" content=\"index, follow, max-snippet:-1, max-image-preview:large, max-video-preview:-1\" \/>\n<link rel=\"canonical\" href=\"https:\/\/pdf-btp.fr\/index.php\/contact\/\" \/>\n<meta property=\"og:locale\" content=\"fr_FR\" \/>\n<meta property=\"og:type\" content=\"article\" \/>\n<meta property=\"og:title\" content=\"Articles &amp; Actualit\u00e9s - PDF-BTP\" \/>\n<meta property=\"og:description\" content=\"L&rsquo;entreprise PDF-BTP est un membre fondateur de l&rsquo;association professionnelle des paveurs. L\u2019APP (l\u2019Association professionnelle des paveurs) est une association professionnelle qui regroupe des entreprises sp\u00e9cialis\u00e9es en pavage leaders sur le march\u00e9 francilien. Son domaine de comp\u00e9tence est l\u2019am\u00e9nagement de voiries et d\u2019espaces publics en rev\u00eatements modulaires en pierre naturelle ou en b\u00e9ton. Paver ses chauss\u00e9es &hellip; Lire la suite de\u00ab\u00a0Articles &#038; Actualit\u00e9s\u00a0\u00bb\" \/>\n<meta property=\"og:url\" content=\"https:\/\/pdf-btp.fr\/index.php\/contact\/\" \/>\n<meta property=\"og:site_name\" content=\"PDF-BTP\" \/>\n<meta property=\"article:modified_time\" content=\"2024-01-25T15:00:25+00:00\" \/>\n<meta property=\"og:image\" content=\"https:\/\/pdf-btp.fr\/wp-content\/uploads\/2023\/03\/021_Dreux_Place_de_la_gare_PDF_BTP_BD-scaled.jpg\" \/>\n\t<meta property=\"og:image:width\" content=\"1706\" \/>\n\t<meta property=\"og:image:height\" content=\"2560\" \/>\n\t<meta property=\"og:image:type\" content=\"image\/jpeg\" \/>\n<meta name=\"twitter:card\" content=\"summary_large_image\" \/>\n<meta name=\"twitter:label1\" content=\"Dur\u00e9e de lecture estim\u00e9e\" \/>\n\t<meta name=\"twitter:data1\" content=\"3 minutes\" \/>\n<script type=\"application\/ld+json\" class=\"yoast-schema-graph\">{\"@context\":\"https:\\\/\\\/schema.org\",\"@graph\":[{\"@type\":\"WebPage\",\"@id\":\"https:\\\/\\\/pdf-btp.fr\\\/index.php\\\/contact\\\/\",\"url\":\"https:\\\/\\\/pdf-btp.fr\\\/index.php\\\/contact\\\/\",\"name\":\"Articles & Actualit\u00e9s - PDF-BTP\",\"isPartOf\":{\"@id\":\"https:\\\/\\\/pdf-btp.fr\\\/#website\"},\"primaryImageOfPage\":{\"@id\":\"https:\\\/\\\/pdf-btp.fr\\\/index.php\\\/contact\\\/#primaryimage\"},\"image\":{\"@id\":\"https:\\\/\\\/pdf-btp.fr\\\/index.php\\\/contact\\\/#primaryimage\"},\"thumbnailUrl\":\"https:\\\/\\\/pdf-btp.fr\\\/wp-content\\\/uploads\\\/2023\\\/03\\\/021_Dreux_Place_de_la_gare_PDF_BTP_BD-scaled.jpg\",\"datePublished\":\"2023-03-07T13:32:43+00:00\",\"dateModified\":\"2024-01-25T15:00:25+00:00\",\"breadcrumb\":{\"@id\":\"https:\\\/\\\/pdf-btp.fr\\\/index.php\\\/contact\\\/#breadcrumb\"},\"inLanguage\":\"fr-FR\",\"potentialAction\":[{\"@type\":\"ReadAction\",\"target\":[\"https:\\\/\\\/pdf-btp.fr\\\/index.php\\\/contact\\\/\"]}]},{\"@type\":\"ImageObject\",\"inLanguage\":\"fr-FR\",\"@id\":\"https:\\\/\\\/pdf-btp.fr\\\/index.php\\\/contact\\\/#primaryimage\",\"url\":\"https:\\\/\\\/pdf-btp.fr\\\/wp-content\\\/uploads\\\/2023\\\/03\\\/021_Dreux_Place_de_la_gare_PDF_BTP_BD-scaled.jpg\",\"contentUrl\":\"https:\\\/\\\/pdf-btp.fr\\\/wp-content\\\/uploads\\\/2023\\\/03\\\/021_Dreux_Place_de_la_gare_PDF_BTP_BD-scaled.jpg\",\"width\":1706,\"height\":2560,\"caption\":\"PDF-BTP Dreux\"},{\"@type\":\"BreadcrumbList\",\"@id\":\"https:\\\/\\\/pdf-btp.fr\\\/index.php\\\/contact\\\/#breadcrumb\",\"itemListElement\":[{\"@type\":\"ListItem\",\"position\":1,\"name\":\"Accueil\",\"item\":\"https:\\\/\\\/pdf-btp.fr\\\/\"},{\"@type\":\"ListItem\",\"position\":2,\"name\":\"Articles &#038; Actualit\u00e9s\"}]},{\"@type\":\"WebSite\",\"@id\":\"https:\\\/\\\/pdf-btp.fr\\\/#website\",\"url\":\"https:\\\/\\\/pdf-btp.fr\\\/\",\"name\":\"PDF-BTP\",\"description\":\"Sp\u00e9cialiste de l&#039;am\u00e9nagement urbain\",\"publisher\":{\"@id\":\"https:\\\/\\\/pdf-btp.fr\\\/#organization\"},\"potentialAction\":[{\"@type\":\"SearchAction\",\"target\":{\"@type\":\"EntryPoint\",\"urlTemplate\":\"https:\\\/\\\/pdf-btp.fr\\\/?s={search_term_string}\"},\"query-input\":{\"@type\":\"PropertyValueSpecification\",\"valueRequired\":true,\"valueName\":\"search_term_string\"}}],\"inLanguage\":\"fr-FR\"},{\"@type\":\"Organization\",\"@id\":\"https:\\\/\\\/pdf-btp.fr\\\/#organization\",\"name\":\"PDF-BTP\",\"url\":\"https:\\\/\\\/pdf-btp.fr\\\/\",\"logo\":{\"@type\":\"ImageObject\",\"inLanguage\":\"fr-FR\",\"@id\":\"https:\\\/\\\/pdf-btp.fr\\\/#\\\/schema\\\/logo\\\/image\\\/\",\"url\":\"https:\\\/\\\/pdf-btp.fr\\\/wp-content\\\/uploads\\\/2023\\\/03\\\/Logo_PDF_PANNEAU_3000x1800_4266_BD-scaled.jpg\",\"contentUrl\":\"https:\\\/\\\/pdf-btp.fr\\\/wp-content\\\/uploads\\\/2023\\\/03\\\/Logo_PDF_PANNEAU_3000x1800_4266_BD-scaled.jpg\",\"width\":2560,\"height\":1536,\"caption\":\"PDF-BTP\"},\"image\":{\"@id\":\"https:\\\/\\\/pdf-btp.fr\\\/#\\\/schema\\\/logo\\\/image\\\/\"}}]}<\/script>\n<!-- \/ Yoast SEO plugin. -->","yoast_head_json":{"title":"Articles & Actualit\u00e9s - PDF-BTP","robots":{"index":"index","follow":"follow","max-snippet":"max-snippet:-1","max-image-preview":"max-image-preview:large","max-video-preview":"max-video-preview:-1"},"canonical":"https:\/\/pdf-btp.fr\/index.php\/contact\/","og_locale":"fr_FR","og_type":"article","og_title":"Articles & Actualit\u00e9s - PDF-BTP","og_description":"L&rsquo;entreprise PDF-BTP est un membre fondateur de l&rsquo;association professionnelle des paveurs. L\u2019APP (l\u2019Association professionnelle des paveurs) est une association professionnelle qui regroupe des entreprises sp\u00e9cialis\u00e9es en pavage leaders sur le march\u00e9 francilien. Son domaine de comp\u00e9tence est l\u2019am\u00e9nagement de voiries et d\u2019espaces publics en rev\u00eatements modulaires en pierre naturelle ou en b\u00e9ton. Paver ses chauss\u00e9es &hellip; Lire la suite de\u00ab\u00a0Articles &#038; Actualit\u00e9s\u00a0\u00bb","og_url":"https:\/\/pdf-btp.fr\/index.php\/contact\/","og_site_name":"PDF-BTP","article_modified_time":"2024-01-25T15:00:25+00:00","og_image":[{"width":1706,"height":2560,"url":"https:\/\/pdf-btp.fr\/wp-content\/uploads\/2023\/03\/021_Dreux_Place_de_la_gare_PDF_BTP_BD-scaled.jpg","type":"image\/jpeg"}],"twitter_card":"summary_large_image","twitter_misc":{"Dur\u00e9e de lecture estim\u00e9e":"3 minutes"},"schema":{"@context":"https:\/\/schema.org","@graph":[{"@type":"WebPage","@id":"https:\/\/pdf-btp.fr\/index.php\/contact\/","url":"https:\/\/pdf-btp.fr\/index.php\/contact\/","name":"Articles & Actualit\u00e9s - PDF-BTP","isPartOf":{"@id":"https:\/\/pdf-btp.fr\/#website"},"primaryImageOfPage":{"@id":"https:\/\/pdf-btp.fr\/index.php\/contact\/#primaryimage"},"image":{"@id":"https:\/\/pdf-btp.fr\/index.php\/contact\/#primaryimage"},"thumbnailUrl":"https:\/\/pdf-btp.fr\/wp-content\/uploads\/2023\/03\/021_Dreux_Place_de_la_gare_PDF_BTP_BD-scaled.jpg","datePublished":"2023-03-07T13:32:43+00:00","dateModified":"2024-01-25T15:00:25+00:00","breadcrumb":{"@id":"https:\/\/pdf-btp.fr\/index.php\/contact\/#breadcrumb"},"inLanguage":"fr-FR","potentialAction":[{"@type":"ReadAction","target":["https:\/\/pdf-btp.fr\/index.php\/contact\/"]}]},{"@type":"ImageObject","inLanguage":"fr-FR","@id":"https:\/\/pdf-btp.fr\/index.php\/contact\/#primaryimage","url":"https:\/\/pdf-btp.fr\/wp-content\/uploads\/2023\/03\/021_Dreux_Place_de_la_gare_PDF_BTP_BD-scaled.jpg","contentUrl":"https:\/\/pdf-btp.fr\/wp-content\/uploads\/2023\/03\/021_Dreux_Place_de_la_gare_PDF_BTP_BD-scaled.jpg","width":1706,"height":2560,"caption":"PDF-BTP Dreux"},{"@type":"BreadcrumbList","@id":"https:\/\/pdf-btp.fr\/index.php\/contact\/#breadcrumb","itemListElement":[{"@type":"ListItem","position":1,"name":"Accueil","item":"https:\/\/pdf-btp.fr\/"},{"@type":"ListItem","position":2,"name":"Articles &#038; Actualit\u00e9s"}]},{"@type":"WebSite","@id":"https:\/\/pdf-btp.fr\/#website","url":"https:\/\/pdf-btp.fr\/","name":"PDF-BTP","description":"Sp\u00e9cialiste de l&#039;am\u00e9nagement urbain","publisher":{"@id":"https:\/\/pdf-btp.fr\/#organization"},"potentialAction":[{"@type":"SearchAction","target":{"@type":"EntryPoint","urlTemplate":"https:\/\/pdf-btp.fr\/?s={search_term_string}"},"query-input":{"@type":"PropertyValueSpecification","valueRequired":true,"valueName":"search_term_string"}}],"inLanguage":"fr-FR"},{"@type":"Organization","@id":"https:\/\/pdf-btp.fr\/#organization","name":"PDF-BTP","url":"https:\/\/pdf-btp.fr\/","logo":{"@type":"ImageObject","inLanguage":"fr-FR","@id":"https:\/\/pdf-btp.fr\/#\/schema\/logo\/image\/","url":"https:\/\/pdf-btp.fr\/wp-content\/uploads\/2023\/03\/Logo_PDF_PANNEAU_3000x1800_4266_BD-scaled.jpg","contentUrl":"https:\/\/pdf-btp.fr\/wp-content\/uploads\/2023\/03\/Logo_PDF_PANNEAU_3000x1800_4266_BD-scaled.jpg","width":2560,"height":1536,"caption":"PDF-BTP"},"image":{"@id":"https:\/\/pdf-btp.fr\/#\/schema\/logo\/image\/"}}]}},"_links":{"self":[{"href":"https:\/\/pdf-btp.fr\/index.php\/wp-json\/wp\/v2\/pages\/57","targetHints":{"allow":["GET"]}}],"collection":[{"href":"https:\/\/pdf-btp.fr\/index.php\/wp-json\/wp\/v2\/pages"}],"about":[{"href":"https:\/\/pdf-btp.fr\/index.php\/wp-json\/wp\/v2\/types\/page"}],"author":[{"embeddable":true,"href":"https:\/\/pdf-btp.fr\/index.php\/wp-json\/wp\/v2\/users\/3"}],"replies":[{"embeddable":true,"href":"https:\/\/pdf-btp.fr\/index.php\/wp-json\/wp\/v2\/comments?post=57"}],"version-history":[{"count":29,"href":"https:\/\/pdf-btp.fr\/index.php\/wp-json\/wp\/v2\/pages\/57\/revisions"}],"predecessor-version":[{"id":804,"href":"https:\/\/pdf-btp.fr\/index.php\/wp-json\/wp\/v2\/pages\/57\/revisions\/804"}],"wp:featuredmedia":[{"embeddable":true,"href":"https:\/\/pdf-btp.fr\/index.php\/wp-json\/wp\/v2\/media\/159"}],"wp:attachment":[{"href":"https:\/\/pdf-btp.fr\/index.php\/wp-json\/wp\/v2\/media?parent=57"}],"curies":[{"name":"wp","href":"https:\/\/api.w.org\/{rel}","templated":true}]}}