{"id":56,"date":"2023-03-07T14:32:43","date_gmt":"2023-03-07T13:32:43","guid":{"rendered":"http:\/\/pdfbtpj.cluster030.hosting.ovh.net\/?page_id=56"},"modified":"2026-03-31T16:45:40","modified_gmt":"2026-03-31T14:45:40","slug":"about","status":"publish","type":"page","link":"https:\/\/pdf-btp.fr\/index.php\/about\/","title":{"rendered":"Notre Savoir-Faire"},"content":{"rendered":"\n<h1 class=\"wp-block-heading has-text-align-center has-large-font-size\" id=\"inspiro-is-a-digital-product-agency-that-focuses-on-strategy-and-design\" style=\"font-style:normal;font-weight:100\"><strong>PDF-BTP<\/strong><\/h1>\n\n\n\n<p class=\"has-text-align-center\">Une part importante de notre activit\u00e9 est ax\u00e9e dans les am\u00e9nagements de voirie, fontainerie, ma\u00e7onnerie et l\u2019am\u00e9nagement urbain. Toutes nos r\u00e9alisations respectent les obligations l\u00e9gales en mati\u00e8re de protection de l\u2019environnement, diversit\u00e9, sant\u00e9 et bien-\u00eatre des collaborateurs.<\/p>\n\n\n\n<h1 class=\"wp-block-heading alignwide has-text-align-center has-large-font-size\" id=\"inspiro-is-a-digital-product-agency-that-focuses-on-strategy-and-design\" style=\"font-style:normal;font-weight:100\"><\/h1>\n\n\n\n<div style=\"height:100px\" aria-hidden=\"true\" class=\"wp-block-spacer\"><\/div>\n\n\n\n<div class=\"wp-block-media-text alignwide is-stacked-on-mobile has-background\" style=\"background-color:#e5e9ec\"><figure class=\"wp-block-media-text__media\"><img decoding=\"async\" width=\"1024\" height=\"683\" data-src=\"http:\/\/pdfbtpj.cluster030.hosting.ovh.net\/wp-content\/uploads\/2023\/03\/020_Villeneuve_la_Garenne_Jardin_BD-1024x683.jpg\" alt=\"\" class=\"wp-image-158 size-full lazyload\" data-srcset=\"https:\/\/pdf-btp.fr\/wp-content\/uploads\/2023\/03\/020_Villeneuve_la_Garenne_Jardin_BD-1024x683.jpg 1024w, https:\/\/pdf-btp.fr\/wp-content\/uploads\/2023\/03\/020_Villeneuve_la_Garenne_Jardin_BD-300x200.jpg 300w, https:\/\/pdf-btp.fr\/wp-content\/uploads\/2023\/03\/020_Villeneuve_la_Garenne_Jardin_BD-768x512.jpg 768w, https:\/\/pdf-btp.fr\/wp-content\/uploads\/2023\/03\/020_Villeneuve_la_Garenne_Jardin_BD-1536x1024.jpg 1536w, https:\/\/pdf-btp.fr\/wp-content\/uploads\/2023\/03\/020_Villeneuve_la_Garenne_Jardin_BD-2048x1366.jpg 2048w, https:\/\/pdf-btp.fr\/wp-content\/uploads\/2023\/03\/020_Villeneuve_la_Garenne_Jardin_BD-2000x1334.jpg 2000w\" data-sizes=\"(max-width: 1024px) 100vw, 1024px\" src=\"data:image\/svg+xml;base64,PHN2ZyB3aWR0aD0iMSIgaGVpZ2h0PSIxIiB4bWxucz0iaHR0cDovL3d3dy53My5vcmcvMjAwMC9zdmciPjwvc3ZnPg==\" style=\"--smush-placeholder-width: 1024px; --smush-placeholder-aspect-ratio: 1024\/683;\" \/><\/figure><div class=\"wp-block-media-text__content\">\n<h2 class=\"wp-block-heading has-text-align-center\"><em>L&rsquo;entreprise<\/em><\/h2>\n\n\n\n<p class=\"has-text-align-center\"><em>Cr\u00e9e en 2004, PDF-BTP met \u00e0 votre service plus de 20 ans d&rsquo;exp\u00e9rience dans le secteur de la construction. Notre savoir-faire nous permet de vous garantir des r\u00e9alisations durables, de qualit\u00e9 et parfaitement conformes \u00e0 vos attentes. <\/em><\/p>\n<\/div><\/div>\n\n\n\n<div class=\"wp-block-media-text alignwide has-media-on-the-right is-stacked-on-mobile has-background\" style=\"background-color:#e5e9ec\"><div class=\"wp-block-media-text__content\">\n<h2 class=\"wp-block-heading has-text-align-center\"><em>L&rsquo;\u00e9quipe<\/em><\/h2>\n\n\n\n<p class=\"has-text-align-center\"><em>Notre \u00e9quipe exp\u00e9riment\u00e9e et qualifi\u00e9e porte une attention particuli\u00e8re \u00e0 la r\u00e9alisation des chantiers. Sp\u00e9cialis\u00e9e dans les chantiers complexes, elle vous accompagne dans vos projets les plus ambitieux.<\/em><\/p>\n<\/div><figure class=\"wp-block-media-text__media\"><img decoding=\"async\" width=\"1024\" height=\"683\" data-src=\"http:\/\/pdfbtpj.cluster030.hosting.ovh.net\/wp-content\/uploads\/2023\/03\/004_Arpajon_Rond_point_BTP_PDF_BD-1024x683.jpg\" alt=\"\" class=\"wp-image-136 size-full lazyload\" data-srcset=\"https:\/\/pdf-btp.fr\/wp-content\/uploads\/2023\/03\/004_Arpajon_Rond_point_BTP_PDF_BD-1024x683.jpg 1024w, https:\/\/pdf-btp.fr\/wp-content\/uploads\/2023\/03\/004_Arpajon_Rond_point_BTP_PDF_BD-300x200.jpg 300w, https:\/\/pdf-btp.fr\/wp-content\/uploads\/2023\/03\/004_Arpajon_Rond_point_BTP_PDF_BD-768x512.jpg 768w, https:\/\/pdf-btp.fr\/wp-content\/uploads\/2023\/03\/004_Arpajon_Rond_point_BTP_PDF_BD-1536x1024.jpg 1536w, https:\/\/pdf-btp.fr\/wp-content\/uploads\/2023\/03\/004_Arpajon_Rond_point_BTP_PDF_BD-2048x1366.jpg 2048w, https:\/\/pdf-btp.fr\/wp-content\/uploads\/2023\/03\/004_Arpajon_Rond_point_BTP_PDF_BD-2000x1334.jpg 2000w\" data-sizes=\"(max-width: 1024px) 100vw, 1024px\" src=\"data:image\/svg+xml;base64,PHN2ZyB3aWR0aD0iMSIgaGVpZ2h0PSIxIiB4bWxucz0iaHR0cDovL3d3dy53My5vcmcvMjAwMC9zdmciPjwvc3ZnPg==\" style=\"--smush-placeholder-width: 1024px; --smush-placeholder-aspect-ratio: 1024\/683;\" \/><\/figure><\/div>\n\n\n\n<div style=\"height:100px\" aria-hidden=\"true\" class=\"wp-block-spacer\"><\/div>\n\n\n\n<hr class=\"wp-block-separator has-alpha-channel-opacity\"\/>\n\n\n\n<h2 class=\"wp-block-heading has-text-align-center has-large-font-size\" id=\"inspiro-is-a-digital-product-agency-that-focuses-on-strategy-and-desig\" style=\"font-weight:300\"><strong>Nos domaines d&rsquo;expertises<\/strong><\/h2>\n\n\n\n<div class=\"wp-block-buttons is-content-justification-center is-layout-flex wp-container-core-buttons-is-layout-a89b3969 wp-block-buttons-is-layout-flex\">\n<div class=\"wp-block-button\"><a class=\"wp-block-button__link wp-element-button\" href=\"https:\/\/pdf-btp.fr\/index.php\/beton\/\">LE BETON<\/a><\/div>\n\n\n\n<div class=\"wp-block-button\"><a class=\"wp-block-button__link wp-element-button\" href=\"https:\/\/pdf-btp.fr\/index.php\/la-pierre\/\">LA PIERRE<\/a><\/div>\n<\/div>\n\n\n\n<div style=\"height:45px\" aria-hidden=\"true\" class=\"wp-block-spacer\"><\/div>\n\n\n\n<hr class=\"wp-block-separator has-alpha-channel-opacity\"\/>\n\n\n\n<div style=\"height:73px\" aria-hidden=\"true\" class=\"wp-block-spacer\"><\/div>\n\n\n\n<h2 class=\"wp-block-heading has-text-align-center has-large-font-size\" id=\"inspiro-is-a-digital-product-agency-that-focuses-on-strategy-and-desig\" style=\"font-weight:300\"><strong>Le savoir qui se construit&#8230;<\/strong><\/h2>\n\n\n\n<p class=\"has-text-align-center\">Soucieuse de valoriser les int\u00e9r\u00eats de la profession et de participer activement \u00e0 <strong>l&rsquo;\u00e9volution des techniques <\/strong>aussi bien que de <strong>p\u00e9renniser le savoir-faire des techniques anciennes<\/strong>, PDF-BTP est un membre actif de <a href=\"https:\/\/www.assopaveurs.fr\/\">l&rsquo;association professionnelle des paveurs<\/a> et du <a href=\"https:\/\/www.specbea.com\/\">Specbea<\/a>.<\/p>\n\n\n\n<div style=\"height:63px\" aria-hidden=\"true\" class=\"wp-block-spacer\"><\/div>\n\n\n\n<div class=\"wp-block-media-text alignwide is-stacked-on-mobile has-white-background-color has-background\"><figure class=\"wp-block-media-text__media\"><img decoding=\"async\" width=\"1024\" height=\"683\" data-src=\"http:\/\/pdfbtpj.cluster030.hosting.ovh.net\/wp-content\/uploads\/2023\/03\/02_Versailles_Place_carre_Rue_madame_BD-1024x683.jpg\" alt=\"\" class=\"wp-image-134 size-full lazyload\" data-srcset=\"https:\/\/pdf-btp.fr\/wp-content\/uploads\/2023\/03\/02_Versailles_Place_carre_Rue_madame_BD-1024x683.jpg 1024w, https:\/\/pdf-btp.fr\/wp-content\/uploads\/2023\/03\/02_Versailles_Place_carre_Rue_madame_BD-300x200.jpg 300w, https:\/\/pdf-btp.fr\/wp-content\/uploads\/2023\/03\/02_Versailles_Place_carre_Rue_madame_BD-768x512.jpg 768w, https:\/\/pdf-btp.fr\/wp-content\/uploads\/2023\/03\/02_Versailles_Place_carre_Rue_madame_BD-1536x1024.jpg 1536w, https:\/\/pdf-btp.fr\/wp-content\/uploads\/2023\/03\/02_Versailles_Place_carre_Rue_madame_BD-2048x1365.jpg 2048w, https:\/\/pdf-btp.fr\/wp-content\/uploads\/2023\/03\/02_Versailles_Place_carre_Rue_madame_BD-2000x1333.jpg 2000w\" data-sizes=\"(max-width: 1024px) 100vw, 1024px\" src=\"data:image\/svg+xml;base64,PHN2ZyB3aWR0aD0iMSIgaGVpZ2h0PSIxIiB4bWxucz0iaHR0cDovL3d3dy53My5vcmcvMjAwMC9zdmciPjwvc3ZnPg==\" style=\"--smush-placeholder-width: 1024px; --smush-placeholder-aspect-ratio: 1024\/683;\" \/><\/figure><div class=\"wp-block-media-text__content\">\n<h2 class=\"wp-block-heading has-text-align-center\">Membre fondateur de l&rsquo;APP<\/h2>\n\n\n\n<p class=\"has-text-align-center\"><em>L\u2019APP (l\u2019Association professionnelle des paveurs) est une association professionnelle qui regroupe des entreprises sp\u00e9cialis\u00e9es en pavage leaders sur le march\u00e9 francilien.&nbsp;<strong>Son domaine de comp\u00e9tence est l\u2019am\u00e9nagement de voiries et d\u2019espaces publics en rev\u00eatements modulaires en pierre naturelle ou en b\u00e9ton.<\/strong>&nbsp;<\/em><\/p>\n\n\n\n<p class=\"has-text-align-center\"><em><a href=\"https:\/\/www.assopaveurs.fr\/\">https:\/\/www.assopaveurs.fr<\/a><\/em><\/p>\n<\/div><\/div>\n\n\n\n<div class=\"wp-block-media-text alignwide has-media-on-the-right is-stacked-on-mobile has-white-background-color has-background\"><div class=\"wp-block-media-text__content\">\n<h2 class=\"wp-block-heading has-text-align-center\">Membre correspondant au SPECBEA<\/h2>\n\n\n\n<p class=\"has-text-align-center\"><em>Cr\u00e9\u00e9 en 1936, le SPECBEA (Syndicat Professionnel des Entrepreneurs de Chauss\u00e9es en B\u00e9ton et d\u2019\u00c9quipements Annexes) est l<em>e repr\u00e9sentant des&nbsp;<strong>sp\u00e9cialistes de la chauss\u00e9e en b\u00e9ton et des am\u00e9nagements<\/strong>.&nbsp;<\/em><\/em><\/p>\n\n\n\n<p class=\"has-text-align-center\"><em><a href=\"https:\/\/www.specbea.com\/\">https:\/\/www.specbea.com\/<\/a><\/em><\/p>\n<\/div><figure class=\"wp-block-media-text__media\"><img decoding=\"async\" width=\"1024\" height=\"682\" data-src=\"http:\/\/pdfbtpj.cluster030.hosting.ovh.net\/wp-content\/uploads\/2023\/03\/017_Ablis_Cimetiere_Rue_de_leurope_et_Pierre_Trouve_BD-1024x682.jpg\" alt=\"\" class=\"wp-image-155 size-full lazyload\" data-srcset=\"https:\/\/pdf-btp.fr\/wp-content\/uploads\/2023\/03\/017_Ablis_Cimetiere_Rue_de_leurope_et_Pierre_Trouve_BD-1024x682.jpg 1024w, https:\/\/pdf-btp.fr\/wp-content\/uploads\/2023\/03\/017_Ablis_Cimetiere_Rue_de_leurope_et_Pierre_Trouve_BD-300x200.jpg 300w, https:\/\/pdf-btp.fr\/wp-content\/uploads\/2023\/03\/017_Ablis_Cimetiere_Rue_de_leurope_et_Pierre_Trouve_BD-768x512.jpg 768w, https:\/\/pdf-btp.fr\/wp-content\/uploads\/2023\/03\/017_Ablis_Cimetiere_Rue_de_leurope_et_Pierre_Trouve_BD-1536x1023.jpg 1536w, https:\/\/pdf-btp.fr\/wp-content\/uploads\/2023\/03\/017_Ablis_Cimetiere_Rue_de_leurope_et_Pierre_Trouve_BD-2048x1364.jpg 2048w, https:\/\/pdf-btp.fr\/wp-content\/uploads\/2023\/03\/017_Ablis_Cimetiere_Rue_de_leurope_et_Pierre_Trouve_BD-2000x1332.jpg 2000w\" data-sizes=\"(max-width: 1024px) 100vw, 1024px\" src=\"data:image\/svg+xml;base64,PHN2ZyB3aWR0aD0iMSIgaGVpZ2h0PSIxIiB4bWxucz0iaHR0cDovL3d3dy53My5vcmcvMjAwMC9zdmciPjwvc3ZnPg==\" style=\"--smush-placeholder-width: 1024px; --smush-placeholder-aspect-ratio: 1024\/682;\" \/><\/figure><\/div>\n\n\n\n<p><\/p>\n","protected":false},"excerpt":{"rendered":"<p>PDF-BTP Une part importante de notre activit\u00e9 est ax\u00e9e dans les am\u00e9nagements de voirie, fontainerie, ma\u00e7onnerie et l\u2019am\u00e9nagement urbain. Toutes nos r\u00e9alisations respectent les obligations l\u00e9gales en mati\u00e8re de protection de l\u2019environnement, diversit\u00e9, sant\u00e9 et bien-\u00eatre des collaborateurs. L&rsquo;entreprise Cr\u00e9e en 2004, PDF-BTP met \u00e0 votre service plus de 20 ans d&rsquo;exp\u00e9rience dans le secteur &hellip; <\/p>\n<p class=\"link-more\"><a href=\"https:\/\/pdf-btp.fr\/index.php\/about\/\" class=\"more-link\">Lire la suite de<span class=\"screen-reader-text\">\u00ab\u00a0Notre Savoir-Faire\u00a0\u00bb<\/span><\/a><\/p>\n","protected":false},"author":3,"featured_media":126,"parent":0,"menu_order":0,"comment_status":"closed","ping_status":"closed","template":"","meta":{"footnotes":""},"class_list":["post-56","page","type-page","status-publish","has-post-thumbnail","hentry"],"yoast_head":"<!-- This site is optimized with the Yoast SEO plugin v27.4 - https:\/\/yoast.com\/product\/yoast-seo-wordpress\/ -->\n<title>Notre Savoir-Faire - PDF-BTP<\/title>\n<meta name=\"description\" content=\"PDF-BTP vous pr\u00e9sente son savoir-faire et ses domaines d&#039;expertises avec ses sp\u00e9cialit\u00e9s sur le b\u00e9ton et la pierre.\" \/>\n<meta name=\"robots\" content=\"index, follow, max-snippet:-1, max-image-preview:large, max-video-preview:-1\" \/>\n<link rel=\"canonical\" href=\"https:\/\/pdf-btp.fr\/index.php\/about\/\" \/>\n<meta property=\"og:locale\" content=\"fr_FR\" \/>\n<meta property=\"og:type\" content=\"article\" \/>\n<meta property=\"og:title\" content=\"Notre Savoir-Faire - PDF-BTP\" \/>\n<meta property=\"og:description\" content=\"PDF-BTP vous pr\u00e9sente son savoir-faire et ses domaines d&#039;expertises avec ses sp\u00e9cialit\u00e9s sur le b\u00e9ton et la pierre.\" \/>\n<meta property=\"og:url\" content=\"https:\/\/pdf-btp.fr\/index.php\/about\/\" \/>\n<meta property=\"og:site_name\" content=\"PDF-BTP\" \/>\n<meta property=\"article:modified_time\" content=\"2026-03-31T14:45:40+00:00\" \/>\n<meta property=\"og:image\" content=\"https:\/\/pdf-btp.fr\/wp-content\/uploads\/2023\/03\/001_Rue_du_Dr_Blanche_Paris_16_BD-scaled.jpg\" \/>\n\t<meta property=\"og:image:width\" content=\"2560\" \/>\n\t<meta property=\"og:image:height\" content=\"1706\" \/>\n\t<meta property=\"og:image:type\" content=\"image\/jpeg\" \/>\n<meta name=\"twitter:card\" content=\"summary_large_image\" \/>\n<meta name=\"twitter:label1\" content=\"Dur\u00e9e de lecture estim\u00e9e\" \/>\n\t<meta name=\"twitter:data1\" content=\"3 minutes\" \/>\n<script type=\"application\/ld+json\" class=\"yoast-schema-graph\">{\"@context\":\"https:\\\/\\\/schema.org\",\"@graph\":[{\"@type\":\"WebPage\",\"@id\":\"https:\\\/\\\/pdf-btp.fr\\\/index.php\\\/about\\\/\",\"url\":\"https:\\\/\\\/pdf-btp.fr\\\/index.php\\\/about\\\/\",\"name\":\"Notre Savoir-Faire - PDF-BTP\",\"isPartOf\":{\"@id\":\"https:\\\/\\\/pdf-btp.fr\\\/#website\"},\"primaryImageOfPage\":{\"@id\":\"https:\\\/\\\/pdf-btp.fr\\\/index.php\\\/about\\\/#primaryimage\"},\"image\":{\"@id\":\"https:\\\/\\\/pdf-btp.fr\\\/index.php\\\/about\\\/#primaryimage\"},\"thumbnailUrl\":\"https:\\\/\\\/pdf-btp.fr\\\/wp-content\\\/uploads\\\/2023\\\/03\\\/001_Rue_du_Dr_Blanche_Paris_16_BD-scaled.jpg\",\"datePublished\":\"2023-03-07T13:32:43+00:00\",\"dateModified\":\"2026-03-31T14:45:40+00:00\",\"description\":\"PDF-BTP vous pr\u00e9sente son savoir-faire et ses domaines d'expertises avec ses sp\u00e9cialit\u00e9s sur le b\u00e9ton et la pierre.\",\"breadcrumb\":{\"@id\":\"https:\\\/\\\/pdf-btp.fr\\\/index.php\\\/about\\\/#breadcrumb\"},\"inLanguage\":\"fr-FR\",\"potentialAction\":[{\"@type\":\"ReadAction\",\"target\":[\"https:\\\/\\\/pdf-btp.fr\\\/index.php\\\/about\\\/\"]}]},{\"@type\":\"ImageObject\",\"inLanguage\":\"fr-FR\",\"@id\":\"https:\\\/\\\/pdf-btp.fr\\\/index.php\\\/about\\\/#primaryimage\",\"url\":\"https:\\\/\\\/pdf-btp.fr\\\/wp-content\\\/uploads\\\/2023\\\/03\\\/001_Rue_du_Dr_Blanche_Paris_16_BD-scaled.jpg\",\"contentUrl\":\"https:\\\/\\\/pdf-btp.fr\\\/wp-content\\\/uploads\\\/2023\\\/03\\\/001_Rue_du_Dr_Blanche_Paris_16_BD-scaled.jpg\",\"width\":2560,\"height\":1706,\"caption\":\"PDF-BTP \\\/ Paris\"},{\"@type\":\"BreadcrumbList\",\"@id\":\"https:\\\/\\\/pdf-btp.fr\\\/index.php\\\/about\\\/#breadcrumb\",\"itemListElement\":[{\"@type\":\"ListItem\",\"position\":1,\"name\":\"Accueil\",\"item\":\"https:\\\/\\\/pdf-btp.fr\\\/\"},{\"@type\":\"ListItem\",\"position\":2,\"name\":\"Notre Savoir-Faire\"}]},{\"@type\":\"WebSite\",\"@id\":\"https:\\\/\\\/pdf-btp.fr\\\/#website\",\"url\":\"https:\\\/\\\/pdf-btp.fr\\\/\",\"name\":\"PDF-BTP\",\"description\":\"Sp\u00e9cialiste de l&#039;am\u00e9nagement urbain\",\"publisher\":{\"@id\":\"https:\\\/\\\/pdf-btp.fr\\\/#organization\"},\"potentialAction\":[{\"@type\":\"SearchAction\",\"target\":{\"@type\":\"EntryPoint\",\"urlTemplate\":\"https:\\\/\\\/pdf-btp.fr\\\/?s={search_term_string}\"},\"query-input\":{\"@type\":\"PropertyValueSpecification\",\"valueRequired\":true,\"valueName\":\"search_term_string\"}}],\"inLanguage\":\"fr-FR\"},{\"@type\":\"Organization\",\"@id\":\"https:\\\/\\\/pdf-btp.fr\\\/#organization\",\"name\":\"PDF-BTP\",\"url\":\"https:\\\/\\\/pdf-btp.fr\\\/\",\"logo\":{\"@type\":\"ImageObject\",\"inLanguage\":\"fr-FR\",\"@id\":\"https:\\\/\\\/pdf-btp.fr\\\/#\\\/schema\\\/logo\\\/image\\\/\",\"url\":\"https:\\\/\\\/pdf-btp.fr\\\/wp-content\\\/uploads\\\/2023\\\/03\\\/Logo_PDF_PANNEAU_3000x1800_4266_BD-scaled.jpg\",\"contentUrl\":\"https:\\\/\\\/pdf-btp.fr\\\/wp-content\\\/uploads\\\/2023\\\/03\\\/Logo_PDF_PANNEAU_3000x1800_4266_BD-scaled.jpg\",\"width\":2560,\"height\":1536,\"caption\":\"PDF-BTP\"},\"image\":{\"@id\":\"https:\\\/\\\/pdf-btp.fr\\\/#\\\/schema\\\/logo\\\/image\\\/\"}}]}<\/script>\n<!-- \/ Yoast SEO plugin. -->","yoast_head_json":{"title":"Notre Savoir-Faire - PDF-BTP","description":"PDF-BTP vous pr\u00e9sente son savoir-faire et ses domaines d'expertises avec ses sp\u00e9cialit\u00e9s sur le b\u00e9ton et la pierre.","robots":{"index":"index","follow":"follow","max-snippet":"max-snippet:-1","max-image-preview":"max-image-preview:large","max-video-preview":"max-video-preview:-1"},"canonical":"https:\/\/pdf-btp.fr\/index.php\/about\/","og_locale":"fr_FR","og_type":"article","og_title":"Notre Savoir-Faire - PDF-BTP","og_description":"PDF-BTP vous pr\u00e9sente son savoir-faire et ses domaines d'expertises avec ses sp\u00e9cialit\u00e9s sur le b\u00e9ton et la pierre.","og_url":"https:\/\/pdf-btp.fr\/index.php\/about\/","og_site_name":"PDF-BTP","article_modified_time":"2026-03-31T14:45:40+00:00","og_image":[{"width":2560,"height":1706,"url":"https:\/\/pdf-btp.fr\/wp-content\/uploads\/2023\/03\/001_Rue_du_Dr_Blanche_Paris_16_BD-scaled.jpg","type":"image\/jpeg"}],"twitter_card":"summary_large_image","twitter_misc":{"Dur\u00e9e de lecture estim\u00e9e":"3 minutes"},"schema":{"@context":"https:\/\/schema.org","@graph":[{"@type":"WebPage","@id":"https:\/\/pdf-btp.fr\/index.php\/about\/","url":"https:\/\/pdf-btp.fr\/index.php\/about\/","name":"Notre Savoir-Faire - PDF-BTP","isPartOf":{"@id":"https:\/\/pdf-btp.fr\/#website"},"primaryImageOfPage":{"@id":"https:\/\/pdf-btp.fr\/index.php\/about\/#primaryimage"},"image":{"@id":"https:\/\/pdf-btp.fr\/index.php\/about\/#primaryimage"},"thumbnailUrl":"https:\/\/pdf-btp.fr\/wp-content\/uploads\/2023\/03\/001_Rue_du_Dr_Blanche_Paris_16_BD-scaled.jpg","datePublished":"2023-03-07T13:32:43+00:00","dateModified":"2026-03-31T14:45:40+00:00","description":"PDF-BTP vous pr\u00e9sente son savoir-faire et ses domaines d'expertises avec ses sp\u00e9cialit\u00e9s sur le b\u00e9ton et la pierre.","breadcrumb":{"@id":"https:\/\/pdf-btp.fr\/index.php\/about\/#breadcrumb"},"inLanguage":"fr-FR","potentialAction":[{"@type":"ReadAction","target":["https:\/\/pdf-btp.fr\/index.php\/about\/"]}]},{"@type":"ImageObject","inLanguage":"fr-FR","@id":"https:\/\/pdf-btp.fr\/index.php\/about\/#primaryimage","url":"https:\/\/pdf-btp.fr\/wp-content\/uploads\/2023\/03\/001_Rue_du_Dr_Blanche_Paris_16_BD-scaled.jpg","contentUrl":"https:\/\/pdf-btp.fr\/wp-content\/uploads\/2023\/03\/001_Rue_du_Dr_Blanche_Paris_16_BD-scaled.jpg","width":2560,"height":1706,"caption":"PDF-BTP \/ Paris"},{"@type":"BreadcrumbList","@id":"https:\/\/pdf-btp.fr\/index.php\/about\/#breadcrumb","itemListElement":[{"@type":"ListItem","position":1,"name":"Accueil","item":"https:\/\/pdf-btp.fr\/"},{"@type":"ListItem","position":2,"name":"Notre Savoir-Faire"}]},{"@type":"WebSite","@id":"https:\/\/pdf-btp.fr\/#website","url":"https:\/\/pdf-btp.fr\/","name":"PDF-BTP","description":"Sp\u00e9cialiste de l&#039;am\u00e9nagement urbain","publisher":{"@id":"https:\/\/pdf-btp.fr\/#organization"},"potentialAction":[{"@type":"SearchAction","target":{"@type":"EntryPoint","urlTemplate":"https:\/\/pdf-btp.fr\/?s={search_term_string}"},"query-input":{"@type":"PropertyValueSpecification","valueRequired":true,"valueName":"search_term_string"}}],"inLanguage":"fr-FR"},{"@type":"Organization","@id":"https:\/\/pdf-btp.fr\/#organization","name":"PDF-BTP","url":"https:\/\/pdf-btp.fr\/","logo":{"@type":"ImageObject","inLanguage":"fr-FR","@id":"https:\/\/pdf-btp.fr\/#\/schema\/logo\/image\/","url":"https:\/\/pdf-btp.fr\/wp-content\/uploads\/2023\/03\/Logo_PDF_PANNEAU_3000x1800_4266_BD-scaled.jpg","contentUrl":"https:\/\/pdf-btp.fr\/wp-content\/uploads\/2023\/03\/Logo_PDF_PANNEAU_3000x1800_4266_BD-scaled.jpg","width":2560,"height":1536,"caption":"PDF-BTP"},"image":{"@id":"https:\/\/pdf-btp.fr\/#\/schema\/logo\/image\/"}}]}},"_links":{"self":[{"href":"https:\/\/pdf-btp.fr\/index.php\/wp-json\/wp\/v2\/pages\/56","targetHints":{"allow":["GET"]}}],"collection":[{"href":"https:\/\/pdf-btp.fr\/index.php\/wp-json\/wp\/v2\/pages"}],"about":[{"href":"https:\/\/pdf-btp.fr\/index.php\/wp-json\/wp\/v2\/types\/page"}],"author":[{"embeddable":true,"href":"https:\/\/pdf-btp.fr\/index.php\/wp-json\/wp\/v2\/users\/3"}],"replies":[{"embeddable":true,"href":"https:\/\/pdf-btp.fr\/index.php\/wp-json\/wp\/v2\/comments?post=56"}],"version-history":[{"count":126,"href":"https:\/\/pdf-btp.fr\/index.php\/wp-json\/wp\/v2\/pages\/56\/revisions"}],"predecessor-version":[{"id":818,"href":"https:\/\/pdf-btp.fr\/index.php\/wp-json\/wp\/v2\/pages\/56\/revisions\/818"}],"wp:featuredmedia":[{"embeddable":true,"href":"https:\/\/pdf-btp.fr\/index.php\/wp-json\/wp\/v2\/media\/126"}],"wp:attachment":[{"href":"https:\/\/pdf-btp.fr\/index.php\/wp-json\/wp\/v2\/media?parent=56"}],"curies":[{"name":"wp","href":"https:\/\/api.w.org\/{rel}","templated":true}]}}