{"id":55,"date":"2023-03-07T14:32:43","date_gmt":"2023-03-07T13:32:43","guid":{"rendered":"http:\/\/pdfbtpj.cluster030.hosting.ovh.net\/?page_id=55"},"modified":"2024-01-25T15:39:14","modified_gmt":"2024-01-25T14:39:14","slug":"pdf-btp","status":"publish","type":"page","link":"https:\/\/pdf-btp.fr\/","title":{"rendered":"PDF-BTP"},"content":{"rendered":"\n<p class=\"has-text-align-center\">Notre entreprise bas\u00e9e \u00e0 Longjumeau dans l&rsquo;Essonne est une PME sp\u00e9cialis\u00e9e dans l&rsquo;am\u00e9nagement qualitatif. Nos domaines d&rsquo;expertises sont le G\u00e9nie Civil, le B\u00e9ton, la Ma\u00e7onnerie, la Pierre au sol et Verticale. <\/p>\n\n\n\n<p class=\"has-text-align-center\">Nous intervenons principalement en Ile de France, mais nous pouvons accompagner vos projets sur tout le territoire.<\/p>\n\n\n\n<p class=\"has-text-align-center\">  <a href=\"https:\/\/pdf-btp.fr\/index.php\/nos-realisations\/\">Vous avez des id\u00e9es, nous pouvons les r\u00e9aliser!<\/a><\/p>\n\n\n\n<div style=\"height:55px\" aria-hidden=\"true\" class=\"wp-block-spacer\"><\/div>\n\n\n\n<div class=\"wp-block-group alignfull has-background is-layout-flow wp-block-group-is-layout-flow\" style=\"background-color:#e5e9ec\">\n<div class=\"wp-block-columns is-layout-flex wp-container-core-columns-is-layout-28f84493 wp-block-columns-is-layout-flex\">\n<div class=\"wp-block-column is-vertically-aligned-center is-layout-flow wp-block-column-is-layout-flow\">\n<h2 class=\"wp-block-heading has-text-align-center\">Sp\u00e9cialiste de l&rsquo;am\u00e9nagement qualitatif<\/h2>\n\n\n\n<p class=\"has-text-align-center\">G\u00e9nie Civil<\/p>\n\n\n\n<p class=\"has-text-align-center\">B\u00e9ton <\/p>\n\n\n\n<p class=\"has-text-align-center\">Ma\u00e7onnerie<\/p>\n\n\n\n<p class=\"has-text-align-center\">Pierre au Sol <\/p>\n\n\n\n<p class=\"has-text-align-center\">Pierre Verticale<\/p>\n\n\n\n<div class=\"wp-block-buttons is-horizontal is-content-justification-center is-layout-flex wp-container-core-buttons-is-layout-03627597 wp-block-buttons-is-layout-flex\">\n<div class=\"wp-block-button is-style-outline is-style-outline--1\"><a class=\"wp-block-button__link wp-element-button\" href=\"https:\/\/pdf-btp.fr\/index.php\/about\/\">Notre Savoir-faire<\/a><\/div>\n<\/div>\n<\/div>\n\n\n\n<div class=\"wp-block-column is-layout-flow wp-block-column-is-layout-flow\">\n<div style=\"height:48px\" aria-hidden=\"true\" class=\"wp-block-spacer\"><\/div>\n\n\n\n<figure class=\"wp-block-image size-large\"><img decoding=\"async\" width=\"1024\" height=\"683\" data-src=\"http:\/\/pdfbtpj.cluster030.hosting.ovh.net\/wp-content\/uploads\/2023\/03\/001_Rue_du_Dr_Blanche_Paris_16_BD-1024x683.jpg\" alt=\"\" class=\"wp-image-126 lazyload\" data-srcset=\"https:\/\/pdf-btp.fr\/wp-content\/uploads\/2023\/03\/001_Rue_du_Dr_Blanche_Paris_16_BD-1024x683.jpg 1024w, https:\/\/pdf-btp.fr\/wp-content\/uploads\/2023\/03\/001_Rue_du_Dr_Blanche_Paris_16_BD-300x200.jpg 300w, https:\/\/pdf-btp.fr\/wp-content\/uploads\/2023\/03\/001_Rue_du_Dr_Blanche_Paris_16_BD-768x512.jpg 768w, https:\/\/pdf-btp.fr\/wp-content\/uploads\/2023\/03\/001_Rue_du_Dr_Blanche_Paris_16_BD-1536x1024.jpg 1536w, https:\/\/pdf-btp.fr\/wp-content\/uploads\/2023\/03\/001_Rue_du_Dr_Blanche_Paris_16_BD-2048x1365.jpg 2048w, https:\/\/pdf-btp.fr\/wp-content\/uploads\/2023\/03\/001_Rue_du_Dr_Blanche_Paris_16_BD-2000x1333.jpg 2000w\" data-sizes=\"(max-width: 1024px) 100vw, 1024px\" src=\"data:image\/svg+xml;base64,PHN2ZyB3aWR0aD0iMSIgaGVpZ2h0PSIxIiB4bWxucz0iaHR0cDovL3d3dy53My5vcmcvMjAwMC9zdmciPjwvc3ZnPg==\" style=\"--smush-placeholder-width: 1024px; --smush-placeholder-aspect-ratio: 1024\/683;\" \/><figcaption class=\"wp-element-caption\">PDF-BTP _ Paris<\/figcaption><\/figure>\n<\/div>\n<\/div>\n<\/div>\n\n\n\n<div class=\"wp-block-group alignfull is-layout-flow wp-block-group-is-layout-flow\">\n<div class=\"wp-block-columns are-vertically-aligned-center is-layout-flex wp-container-core-columns-is-layout-28f84493 wp-block-columns-is-layout-flex\">\n<div class=\"wp-block-column is-vertically-aligned-center is-layout-flow wp-block-column-is-layout-flow\">\n<div style=\"height:48px\" aria-hidden=\"true\" class=\"wp-block-spacer\"><\/div>\n\n\n\n<figure class=\"wp-block-image size-large\"><img decoding=\"async\" width=\"1024\" height=\"683\" data-src=\"http:\/\/pdfbtpj.cluster030.hosting.ovh.net\/wp-content\/uploads\/2023\/03\/015_Versailles_Place_des_Maneges_BD-1024x683.jpg\" alt=\"\" class=\"wp-image-153 lazyload\" data-srcset=\"https:\/\/pdf-btp.fr\/wp-content\/uploads\/2023\/03\/015_Versailles_Place_des_Maneges_BD-1024x683.jpg 1024w, https:\/\/pdf-btp.fr\/wp-content\/uploads\/2023\/03\/015_Versailles_Place_des_Maneges_BD-300x200.jpg 300w, https:\/\/pdf-btp.fr\/wp-content\/uploads\/2023\/03\/015_Versailles_Place_des_Maneges_BD-768x512.jpg 768w, https:\/\/pdf-btp.fr\/wp-content\/uploads\/2023\/03\/015_Versailles_Place_des_Maneges_BD-1536x1024.jpg 1536w, https:\/\/pdf-btp.fr\/wp-content\/uploads\/2023\/03\/015_Versailles_Place_des_Maneges_BD-2048x1365.jpg 2048w, https:\/\/pdf-btp.fr\/wp-content\/uploads\/2023\/03\/015_Versailles_Place_des_Maneges_BD-2000x1333.jpg 2000w\" data-sizes=\"(max-width: 1024px) 100vw, 1024px\" src=\"data:image\/svg+xml;base64,PHN2ZyB3aWR0aD0iMSIgaGVpZ2h0PSIxIiB4bWxucz0iaHR0cDovL3d3dy53My5vcmcvMjAwMC9zdmciPjwvc3ZnPg==\" style=\"--smush-placeholder-width: 1024px; --smush-placeholder-aspect-ratio: 1024\/683;\" \/><figcaption class=\"wp-element-caption\">PDF-BTP _ Versailles <\/figcaption><\/figure>\n<\/div>\n\n\n\n<div class=\"wp-block-column is-vertically-aligned-center is-layout-flow wp-block-column-is-layout-flow\">\n<h2 class=\"wp-block-heading has-text-align-center\">Le savoir qui se construit<\/h2>\n\n\n\n<p class=\"has-text-align-center\"><strong>Nous portons une attention toute particuli\u00e8re \u00e0 la bonne r\u00e9alisation de nos chantiers et aux d\u00e9tails. Nos objectifs sont la qualit\u00e9 et la satisfaction de nos clients. <\/strong><\/p>\n\n\n\n<p class=\"has-text-align-center\"><strong>Notre \u00e9quipe est \u00e0 votre \u00e9coute<\/strong>.<\/p>\n\n\n\n<div class=\"wp-block-buttons is-content-justification-center is-layout-flex wp-container-core-buttons-is-layout-a89b3969 wp-block-buttons-is-layout-flex\">\n<div class=\"wp-block-button is-style-outline is-style-outline--2\"><a class=\"wp-block-button__link wp-element-button\" href=\"https:\/\/pdf-btp.fr\/index.php\/contact-2\/\">Contact<\/a><\/div>\n<\/div>\n<\/div>\n<\/div>\n<\/div>\n\n\n\n<div class=\"wp-block-group alignfull has-background is-layout-flow wp-block-group-is-layout-flow\" style=\"background-color:#e5e9ec\">\n<h2 class=\"wp-block-heading has-text-align-center has-black-color has-text-color\"><strong>Phototh\u00e8que<\/strong><\/h2>\n\n\n\n<figure class=\"wp-block-gallery aligncenter has-nested-images columns-default is-cropped wp-block-gallery-3 is-layout-flex wp-block-gallery-is-layout-flex\">\n<figure class=\"wp-block-image size-large\"><img decoding=\"async\" width=\"1024\" height=\"683\" data-id=\"140\" data-src=\"http:\/\/pdfbtpj.cluster030.hosting.ovh.net\/wp-content\/uploads\/2023\/03\/006_Fontenay_aux_Roses_Place_de_la_Mairie_BD-1024x683.jpg\" alt=\"\" class=\"wp-image-140 lazyload\" data-srcset=\"https:\/\/pdf-btp.fr\/wp-content\/uploads\/2023\/03\/006_Fontenay_aux_Roses_Place_de_la_Mairie_BD-1024x683.jpg 1024w, https:\/\/pdf-btp.fr\/wp-content\/uploads\/2023\/03\/006_Fontenay_aux_Roses_Place_de_la_Mairie_BD-300x200.jpg 300w, https:\/\/pdf-btp.fr\/wp-content\/uploads\/2023\/03\/006_Fontenay_aux_Roses_Place_de_la_Mairie_BD-768x512.jpg 768w, https:\/\/pdf-btp.fr\/wp-content\/uploads\/2023\/03\/006_Fontenay_aux_Roses_Place_de_la_Mairie_BD-1536x1024.jpg 1536w, https:\/\/pdf-btp.fr\/wp-content\/uploads\/2023\/03\/006_Fontenay_aux_Roses_Place_de_la_Mairie_BD-2048x1365.jpg 2048w, https:\/\/pdf-btp.fr\/wp-content\/uploads\/2023\/03\/006_Fontenay_aux_Roses_Place_de_la_Mairie_BD-2000x1333.jpg 2000w\" data-sizes=\"(max-width: 1024px) 100vw, 1024px\" src=\"data:image\/svg+xml;base64,PHN2ZyB3aWR0aD0iMSIgaGVpZ2h0PSIxIiB4bWxucz0iaHR0cDovL3d3dy53My5vcmcvMjAwMC9zdmciPjwvc3ZnPg==\" style=\"--smush-placeholder-width: 1024px; --smush-placeholder-aspect-ratio: 1024\/683;\" \/><figcaption class=\"wp-element-caption\">PDF-BTP _ Fontenay aux Roses<\/figcaption><\/figure>\n\n\n\n<figure class=\"wp-block-image size-large\"><img decoding=\"async\" width=\"1024\" height=\"630\" data-id=\"127\" data-src=\"http:\/\/pdfbtpj.cluster030.hosting.ovh.net\/wp-content\/uploads\/2023\/03\/001_Saclay_BD-1024x630.jpg\" alt=\"\" class=\"wp-image-127 lazyload\" data-srcset=\"https:\/\/pdf-btp.fr\/wp-content\/uploads\/2023\/03\/001_Saclay_BD-1024x630.jpg 1024w, https:\/\/pdf-btp.fr\/wp-content\/uploads\/2023\/03\/001_Saclay_BD-300x185.jpg 300w, https:\/\/pdf-btp.fr\/wp-content\/uploads\/2023\/03\/001_Saclay_BD-768x472.jpg 768w, https:\/\/pdf-btp.fr\/wp-content\/uploads\/2023\/03\/001_Saclay_BD-1536x945.jpg 1536w, https:\/\/pdf-btp.fr\/wp-content\/uploads\/2023\/03\/001_Saclay_BD-2048x1260.jpg 2048w, https:\/\/pdf-btp.fr\/wp-content\/uploads\/2023\/03\/001_Saclay_BD-2000x1230.jpg 2000w\" data-sizes=\"(max-width: 1024px) 100vw, 1024px\" src=\"data:image\/svg+xml;base64,PHN2ZyB3aWR0aD0iMSIgaGVpZ2h0PSIxIiB4bWxucz0iaHR0cDovL3d3dy53My5vcmcvMjAwMC9zdmciPjwvc3ZnPg==\" style=\"--smush-placeholder-width: 1024px; --smush-placeholder-aspect-ratio: 1024\/630;\" \/><figcaption class=\"wp-element-caption\">PDF-BTP _ Saclay<\/figcaption><\/figure>\n\n\n\n<figure class=\"wp-block-image size-large\"><img decoding=\"async\" width=\"1024\" height=\"683\" data-id=\"128\" data-src=\"http:\/\/pdfbtpj.cluster030.hosting.ovh.net\/wp-content\/uploads\/2023\/03\/001_Versailles_Place_des_Maneges_BD-1024x683.jpg\" alt=\"\" class=\"wp-image-128 lazyload\" data-srcset=\"https:\/\/pdf-btp.fr\/wp-content\/uploads\/2023\/03\/001_Versailles_Place_des_Maneges_BD-1024x683.jpg 1024w, https:\/\/pdf-btp.fr\/wp-content\/uploads\/2023\/03\/001_Versailles_Place_des_Maneges_BD-300x200.jpg 300w, https:\/\/pdf-btp.fr\/wp-content\/uploads\/2023\/03\/001_Versailles_Place_des_Maneges_BD-768x512.jpg 768w, https:\/\/pdf-btp.fr\/wp-content\/uploads\/2023\/03\/001_Versailles_Place_des_Maneges_BD-1536x1024.jpg 1536w, https:\/\/pdf-btp.fr\/wp-content\/uploads\/2023\/03\/001_Versailles_Place_des_Maneges_BD-2048x1365.jpg 2048w, https:\/\/pdf-btp.fr\/wp-content\/uploads\/2023\/03\/001_Versailles_Place_des_Maneges_BD-2000x1333.jpg 2000w\" data-sizes=\"(max-width: 1024px) 100vw, 1024px\" src=\"data:image\/svg+xml;base64,PHN2ZyB3aWR0aD0iMSIgaGVpZ2h0PSIxIiB4bWxucz0iaHR0cDovL3d3dy53My5vcmcvMjAwMC9zdmciPjwvc3ZnPg==\" style=\"--smush-placeholder-width: 1024px; --smush-placeholder-aspect-ratio: 1024\/683;\" \/><figcaption class=\"wp-element-caption\">PDF-BTP _ Versailles<\/figcaption><\/figure>\n\n\n\n<figure class=\"wp-block-image size-large\"><img decoding=\"async\" width=\"1024\" height=\"683\" data-id=\"133\" data-src=\"http:\/\/pdfbtpj.cluster030.hosting.ovh.net\/wp-content\/uploads\/2023\/03\/002_La_defense_Tour_Alto_Rue_Louis_Blanc_BD-1024x683.jpg\" alt=\"\" class=\"wp-image-133 lazyload\" data-srcset=\"https:\/\/pdf-btp.fr\/wp-content\/uploads\/2023\/03\/002_La_defense_Tour_Alto_Rue_Louis_Blanc_BD-1024x683.jpg 1024w, https:\/\/pdf-btp.fr\/wp-content\/uploads\/2023\/03\/002_La_defense_Tour_Alto_Rue_Louis_Blanc_BD-300x200.jpg 300w, https:\/\/pdf-btp.fr\/wp-content\/uploads\/2023\/03\/002_La_defense_Tour_Alto_Rue_Louis_Blanc_BD-768x512.jpg 768w, https:\/\/pdf-btp.fr\/wp-content\/uploads\/2023\/03\/002_La_defense_Tour_Alto_Rue_Louis_Blanc_BD-1536x1024.jpg 1536w, https:\/\/pdf-btp.fr\/wp-content\/uploads\/2023\/03\/002_La_defense_Tour_Alto_Rue_Louis_Blanc_BD-2048x1365.jpg 2048w, https:\/\/pdf-btp.fr\/wp-content\/uploads\/2023\/03\/002_La_defense_Tour_Alto_Rue_Louis_Blanc_BD-2000x1333.jpg 2000w\" data-sizes=\"(max-width: 1024px) 100vw, 1024px\" src=\"data:image\/svg+xml;base64,PHN2ZyB3aWR0aD0iMSIgaGVpZ2h0PSIxIiB4bWxucz0iaHR0cDovL3d3dy53My5vcmcvMjAwMC9zdmciPjwvc3ZnPg==\" style=\"--smush-placeholder-width: 1024px; --smush-placeholder-aspect-ratio: 1024\/683;\" \/><figcaption class=\"wp-element-caption\">PDF-BTP _ La D\u00e9fense Paris<\/figcaption><\/figure>\n\n\n\n<figure class=\"wp-block-image size-large\"><img decoding=\"async\" width=\"1024\" height=\"683\" data-id=\"146\" data-src=\"http:\/\/pdfbtpj.cluster030.hosting.ovh.net\/wp-content\/uploads\/2023\/03\/010_Igny_Place_de_la_Mairie_BD-1024x683.jpg\" alt=\"\" class=\"wp-image-146 lazyload\" data-srcset=\"https:\/\/pdf-btp.fr\/wp-content\/uploads\/2023\/03\/010_Igny_Place_de_la_Mairie_BD-1024x683.jpg 1024w, https:\/\/pdf-btp.fr\/wp-content\/uploads\/2023\/03\/010_Igny_Place_de_la_Mairie_BD-300x200.jpg 300w, https:\/\/pdf-btp.fr\/wp-content\/uploads\/2023\/03\/010_Igny_Place_de_la_Mairie_BD-768x512.jpg 768w, https:\/\/pdf-btp.fr\/wp-content\/uploads\/2023\/03\/010_Igny_Place_de_la_Mairie_BD-1536x1024.jpg 1536w, https:\/\/pdf-btp.fr\/wp-content\/uploads\/2023\/03\/010_Igny_Place_de_la_Mairie_BD-2048x1365.jpg 2048w, https:\/\/pdf-btp.fr\/wp-content\/uploads\/2023\/03\/010_Igny_Place_de_la_Mairie_BD-2000x1333.jpg 2000w\" data-sizes=\"(max-width: 1024px) 100vw, 1024px\" src=\"data:image\/svg+xml;base64,PHN2ZyB3aWR0aD0iMSIgaGVpZ2h0PSIxIiB4bWxucz0iaHR0cDovL3d3dy53My5vcmcvMjAwMC9zdmciPjwvc3ZnPg==\" style=\"--smush-placeholder-width: 1024px; --smush-placeholder-aspect-ratio: 1024\/683;\" \/><figcaption class=\"wp-element-caption\">BTP-PDF _  Igny<\/figcaption><\/figure>\n\n\n\n<figure class=\"wp-block-image size-large\"><img decoding=\"async\" width=\"683\" height=\"1024\" data-id=\"147\" data-src=\"http:\/\/pdfbtpj.cluster030.hosting.ovh.net\/wp-content\/uploads\/2023\/03\/011_Antony_Place_du_Theatre_Photo_Charly_Hel_BD-683x1024.jpg\" alt=\"\" class=\"wp-image-147 lazyload\" data-srcset=\"https:\/\/pdf-btp.fr\/wp-content\/uploads\/2023\/03\/011_Antony_Place_du_Theatre_Photo_Charly_Hel_BD-683x1024.jpg 683w, https:\/\/pdf-btp.fr\/wp-content\/uploads\/2023\/03\/011_Antony_Place_du_Theatre_Photo_Charly_Hel_BD-200x300.jpg 200w, https:\/\/pdf-btp.fr\/wp-content\/uploads\/2023\/03\/011_Antony_Place_du_Theatre_Photo_Charly_Hel_BD-768x1152.jpg 768w, https:\/\/pdf-btp.fr\/wp-content\/uploads\/2023\/03\/011_Antony_Place_du_Theatre_Photo_Charly_Hel_BD-1024x1536.jpg 1024w, https:\/\/pdf-btp.fr\/wp-content\/uploads\/2023\/03\/011_Antony_Place_du_Theatre_Photo_Charly_Hel_BD-1366x2048.jpg 1366w, https:\/\/pdf-btp.fr\/wp-content\/uploads\/2023\/03\/011_Antony_Place_du_Theatre_Photo_Charly_Hel_BD-2000x2999.jpg 2000w, https:\/\/pdf-btp.fr\/wp-content\/uploads\/2023\/03\/011_Antony_Place_du_Theatre_Photo_Charly_Hel_BD-scaled.jpg 1707w\" data-sizes=\"(max-width: 683px) 100vw, 683px\" src=\"data:image\/svg+xml;base64,PHN2ZyB3aWR0aD0iMSIgaGVpZ2h0PSIxIiB4bWxucz0iaHR0cDovL3d3dy53My5vcmcvMjAwMC9zdmciPjwvc3ZnPg==\" style=\"--smush-placeholder-width: 683px; --smush-placeholder-aspect-ratio: 683\/1024;\" \/><figcaption class=\"wp-element-caption\">PDF-BTP _  Antony <\/figcaption><\/figure>\n<\/figure>\n<\/div>\n","protected":false},"excerpt":{"rendered":"<p>Notre entreprise bas\u00e9e \u00e0 Longjumeau dans l&rsquo;Essonne est une PME sp\u00e9cialis\u00e9e dans l&rsquo;am\u00e9nagement qualitatif. Nos domaines d&rsquo;expertises sont le G\u00e9nie Civil, le B\u00e9ton, la Ma\u00e7onnerie, la Pierre au sol et Verticale. Nous intervenons principalement en Ile de France, mais nous pouvons accompagner vos projets sur tout le territoire. Vous avez des id\u00e9es, nous pouvons les &hellip; <\/p>\n<p class=\"link-more\"><a href=\"https:\/\/pdf-btp.fr\/\" class=\"more-link\">Lire la suite de<span class=\"screen-reader-text\">\u00ab\u00a0PDF-BTP\u00a0\u00bb<\/span><\/a><\/p>\n","protected":false},"author":3,"featured_media":0,"parent":0,"menu_order":0,"comment_status":"closed","ping_status":"closed","template":"","meta":{"footnotes":""},"class_list":["post-55","page","type-page","status-publish","hentry"],"yoast_head":"<!-- This site is optimized with the Yoast SEO plugin v27.4 - https:\/\/yoast.com\/product\/yoast-seo-wordpress\/ -->\n<title>PDF-BTP - PDF-BTP<\/title>\n<meta name=\"description\" content=\"Entreprise sp\u00e9cialis\u00e9e dans l&#039;am\u00e9nagement qualitatif, le g\u00e9nie civil, le b\u00e9ton, la ma\u00e7onnerie, le dallage et le pavage.\" \/>\n<meta name=\"robots\" content=\"index, follow, max-snippet:-1, max-image-preview:large, max-video-preview:-1\" \/>\n<link rel=\"canonical\" href=\"https:\/\/pdf-btp.fr\/\" \/>\n<meta property=\"og:locale\" content=\"fr_FR\" \/>\n<meta property=\"og:type\" content=\"article\" \/>\n<meta property=\"og:title\" content=\"PDF-BTP - PDF-BTP\" \/>\n<meta property=\"og:description\" content=\"Entreprise sp\u00e9cialis\u00e9e dans l&#039;am\u00e9nagement qualitatif, le g\u00e9nie civil, le b\u00e9ton, la ma\u00e7onnerie, le dallage et le pavage.\" \/>\n<meta property=\"og:url\" content=\"https:\/\/pdf-btp.fr\/\" \/>\n<meta property=\"og:site_name\" content=\"PDF-BTP\" \/>\n<meta property=\"article:modified_time\" content=\"2024-01-25T14:39:14+00:00\" \/>\n<meta property=\"og:image\" content=\"http:\/\/pdfbtpj.cluster030.hosting.ovh.net\/wp-content\/uploads\/2023\/03\/001_Rue_du_Dr_Blanche_Paris_16_BD-1024x683.jpg\" \/>\n<meta name=\"twitter:card\" content=\"summary_large_image\" \/>\n<meta name=\"twitter:label1\" content=\"Dur\u00e9e de lecture estim\u00e9e\" \/>\n\t<meta name=\"twitter:data1\" content=\"3 minutes\" \/>\n<script type=\"application\/ld+json\" class=\"yoast-schema-graph\">{\"@context\":\"https:\\\/\\\/schema.org\",\"@graph\":[{\"@type\":\"WebPage\",\"@id\":\"https:\\\/\\\/pdf-btp.fr\\\/\",\"url\":\"https:\\\/\\\/pdf-btp.fr\\\/\",\"name\":\"PDF-BTP - PDF-BTP\",\"isPartOf\":{\"@id\":\"https:\\\/\\\/pdf-btp.fr\\\/#website\"},\"primaryImageOfPage\":{\"@id\":\"https:\\\/\\\/pdf-btp.fr\\\/#primaryimage\"},\"image\":{\"@id\":\"https:\\\/\\\/pdf-btp.fr\\\/#primaryimage\"},\"thumbnailUrl\":\"http:\\\/\\\/pdfbtpj.cluster030.hosting.ovh.net\\\/wp-content\\\/uploads\\\/2023\\\/03\\\/001_Rue_du_Dr_Blanche_Paris_16_BD-1024x683.jpg\",\"datePublished\":\"2023-03-07T13:32:43+00:00\",\"dateModified\":\"2024-01-25T14:39:14+00:00\",\"description\":\"Entreprise sp\u00e9cialis\u00e9e dans l'am\u00e9nagement qualitatif, le g\u00e9nie civil, le b\u00e9ton, la ma\u00e7onnerie, le dallage et le pavage.\",\"breadcrumb\":{\"@id\":\"https:\\\/\\\/pdf-btp.fr\\\/#breadcrumb\"},\"inLanguage\":\"fr-FR\",\"potentialAction\":[{\"@type\":\"ReadAction\",\"target\":[\"https:\\\/\\\/pdf-btp.fr\\\/\"]}]},{\"@type\":\"ImageObject\",\"inLanguage\":\"fr-FR\",\"@id\":\"https:\\\/\\\/pdf-btp.fr\\\/#primaryimage\",\"url\":\"http:\\\/\\\/pdfbtpj.cluster030.hosting.ovh.net\\\/wp-content\\\/uploads\\\/2023\\\/03\\\/001_Rue_du_Dr_Blanche_Paris_16_BD-1024x683.jpg\",\"contentUrl\":\"http:\\\/\\\/pdfbtpj.cluster030.hosting.ovh.net\\\/wp-content\\\/uploads\\\/2023\\\/03\\\/001_Rue_du_Dr_Blanche_Paris_16_BD-1024x683.jpg\"},{\"@type\":\"BreadcrumbList\",\"@id\":\"https:\\\/\\\/pdf-btp.fr\\\/#breadcrumb\",\"itemListElement\":[{\"@type\":\"ListItem\",\"position\":1,\"name\":\"Accueil\",\"item\":\"https:\\\/\\\/pdf-btp.fr\\\/\"},{\"@type\":\"ListItem\",\"position\":2,\"name\":\"PDF-BTP\"}]},{\"@type\":\"WebSite\",\"@id\":\"https:\\\/\\\/pdf-btp.fr\\\/#website\",\"url\":\"https:\\\/\\\/pdf-btp.fr\\\/\",\"name\":\"PDF-BTP\",\"description\":\"Sp\u00e9cialiste de l&#039;am\u00e9nagement urbain\",\"publisher\":{\"@id\":\"https:\\\/\\\/pdf-btp.fr\\\/#organization\"},\"potentialAction\":[{\"@type\":\"SearchAction\",\"target\":{\"@type\":\"EntryPoint\",\"urlTemplate\":\"https:\\\/\\\/pdf-btp.fr\\\/?s={search_term_string}\"},\"query-input\":{\"@type\":\"PropertyValueSpecification\",\"valueRequired\":true,\"valueName\":\"search_term_string\"}}],\"inLanguage\":\"fr-FR\"},{\"@type\":\"Organization\",\"@id\":\"https:\\\/\\\/pdf-btp.fr\\\/#organization\",\"name\":\"PDF-BTP\",\"url\":\"https:\\\/\\\/pdf-btp.fr\\\/\",\"logo\":{\"@type\":\"ImageObject\",\"inLanguage\":\"fr-FR\",\"@id\":\"https:\\\/\\\/pdf-btp.fr\\\/#\\\/schema\\\/logo\\\/image\\\/\",\"url\":\"https:\\\/\\\/pdf-btp.fr\\\/wp-content\\\/uploads\\\/2023\\\/03\\\/Logo_PDF_PANNEAU_3000x1800_4266_BD-scaled.jpg\",\"contentUrl\":\"https:\\\/\\\/pdf-btp.fr\\\/wp-content\\\/uploads\\\/2023\\\/03\\\/Logo_PDF_PANNEAU_3000x1800_4266_BD-scaled.jpg\",\"width\":2560,\"height\":1536,\"caption\":\"PDF-BTP\"},\"image\":{\"@id\":\"https:\\\/\\\/pdf-btp.fr\\\/#\\\/schema\\\/logo\\\/image\\\/\"}}]}<\/script>\n<!-- \/ Yoast SEO plugin. -->","yoast_head_json":{"title":"PDF-BTP - PDF-BTP","description":"Entreprise sp\u00e9cialis\u00e9e dans l'am\u00e9nagement qualitatif, le g\u00e9nie civil, le b\u00e9ton, la ma\u00e7onnerie, le dallage et le pavage.","robots":{"index":"index","follow":"follow","max-snippet":"max-snippet:-1","max-image-preview":"max-image-preview:large","max-video-preview":"max-video-preview:-1"},"canonical":"https:\/\/pdf-btp.fr\/","og_locale":"fr_FR","og_type":"article","og_title":"PDF-BTP - PDF-BTP","og_description":"Entreprise sp\u00e9cialis\u00e9e dans l'am\u00e9nagement qualitatif, le g\u00e9nie civil, le b\u00e9ton, la ma\u00e7onnerie, le dallage et le pavage.","og_url":"https:\/\/pdf-btp.fr\/","og_site_name":"PDF-BTP","article_modified_time":"2024-01-25T14:39:14+00:00","og_image":[{"url":"http:\/\/pdfbtpj.cluster030.hosting.ovh.net\/wp-content\/uploads\/2023\/03\/001_Rue_du_Dr_Blanche_Paris_16_BD-1024x683.jpg","type":"","width":"","height":""}],"twitter_card":"summary_large_image","twitter_misc":{"Dur\u00e9e de lecture estim\u00e9e":"3 minutes"},"schema":{"@context":"https:\/\/schema.org","@graph":[{"@type":"WebPage","@id":"https:\/\/pdf-btp.fr\/","url":"https:\/\/pdf-btp.fr\/","name":"PDF-BTP - PDF-BTP","isPartOf":{"@id":"https:\/\/pdf-btp.fr\/#website"},"primaryImageOfPage":{"@id":"https:\/\/pdf-btp.fr\/#primaryimage"},"image":{"@id":"https:\/\/pdf-btp.fr\/#primaryimage"},"thumbnailUrl":"http:\/\/pdfbtpj.cluster030.hosting.ovh.net\/wp-content\/uploads\/2023\/03\/001_Rue_du_Dr_Blanche_Paris_16_BD-1024x683.jpg","datePublished":"2023-03-07T13:32:43+00:00","dateModified":"2024-01-25T14:39:14+00:00","description":"Entreprise sp\u00e9cialis\u00e9e dans l'am\u00e9nagement qualitatif, le g\u00e9nie civil, le b\u00e9ton, la ma\u00e7onnerie, le dallage et le pavage.","breadcrumb":{"@id":"https:\/\/pdf-btp.fr\/#breadcrumb"},"inLanguage":"fr-FR","potentialAction":[{"@type":"ReadAction","target":["https:\/\/pdf-btp.fr\/"]}]},{"@type":"ImageObject","inLanguage":"fr-FR","@id":"https:\/\/pdf-btp.fr\/#primaryimage","url":"http:\/\/pdfbtpj.cluster030.hosting.ovh.net\/wp-content\/uploads\/2023\/03\/001_Rue_du_Dr_Blanche_Paris_16_BD-1024x683.jpg","contentUrl":"http:\/\/pdfbtpj.cluster030.hosting.ovh.net\/wp-content\/uploads\/2023\/03\/001_Rue_du_Dr_Blanche_Paris_16_BD-1024x683.jpg"},{"@type":"BreadcrumbList","@id":"https:\/\/pdf-btp.fr\/#breadcrumb","itemListElement":[{"@type":"ListItem","position":1,"name":"Accueil","item":"https:\/\/pdf-btp.fr\/"},{"@type":"ListItem","position":2,"name":"PDF-BTP"}]},{"@type":"WebSite","@id":"https:\/\/pdf-btp.fr\/#website","url":"https:\/\/pdf-btp.fr\/","name":"PDF-BTP","description":"Sp\u00e9cialiste de l&#039;am\u00e9nagement urbain","publisher":{"@id":"https:\/\/pdf-btp.fr\/#organization"},"potentialAction":[{"@type":"SearchAction","target":{"@type":"EntryPoint","urlTemplate":"https:\/\/pdf-btp.fr\/?s={search_term_string}"},"query-input":{"@type":"PropertyValueSpecification","valueRequired":true,"valueName":"search_term_string"}}],"inLanguage":"fr-FR"},{"@type":"Organization","@id":"https:\/\/pdf-btp.fr\/#organization","name":"PDF-BTP","url":"https:\/\/pdf-btp.fr\/","logo":{"@type":"ImageObject","inLanguage":"fr-FR","@id":"https:\/\/pdf-btp.fr\/#\/schema\/logo\/image\/","url":"https:\/\/pdf-btp.fr\/wp-content\/uploads\/2023\/03\/Logo_PDF_PANNEAU_3000x1800_4266_BD-scaled.jpg","contentUrl":"https:\/\/pdf-btp.fr\/wp-content\/uploads\/2023\/03\/Logo_PDF_PANNEAU_3000x1800_4266_BD-scaled.jpg","width":2560,"height":1536,"caption":"PDF-BTP"},"image":{"@id":"https:\/\/pdf-btp.fr\/#\/schema\/logo\/image\/"}}]}},"_links":{"self":[{"href":"https:\/\/pdf-btp.fr\/index.php\/wp-json\/wp\/v2\/pages\/55","targetHints":{"allow":["GET"]}}],"collection":[{"href":"https:\/\/pdf-btp.fr\/index.php\/wp-json\/wp\/v2\/pages"}],"about":[{"href":"https:\/\/pdf-btp.fr\/index.php\/wp-json\/wp\/v2\/types\/page"}],"author":[{"embeddable":true,"href":"https:\/\/pdf-btp.fr\/index.php\/wp-json\/wp\/v2\/users\/3"}],"replies":[{"embeddable":true,"href":"https:\/\/pdf-btp.fr\/index.php\/wp-json\/wp\/v2\/comments?post=55"}],"version-history":[{"count":38,"href":"https:\/\/pdf-btp.fr\/index.php\/wp-json\/wp\/v2\/pages\/55\/revisions"}],"predecessor-version":[{"id":796,"href":"https:\/\/pdf-btp.fr\/index.php\/wp-json\/wp\/v2\/pages\/55\/revisions\/796"}],"wp:attachment":[{"href":"https:\/\/pdf-btp.fr\/index.php\/wp-json\/wp\/v2\/media?parent=55"}],"curies":[{"name":"wp","href":"https:\/\/api.w.org\/{rel}","templated":true}]}}