{"id":237,"date":"2023-03-14T10:36:36","date_gmt":"2023-03-14T09:36:36","guid":{"rendered":"http:\/\/pdfbtpj.cluster030.hosting.ovh.net\/?page_id=237"},"modified":"2023-03-15T10:10:03","modified_gmt":"2023-03-15T09:10:03","slug":"remerciements","status":"publish","type":"page","link":"https:\/\/pdf-btp.fr\/index.php\/remerciements\/","title":{"rendered":"Photos\u00a9Charly HEL"},"content":{"rendered":"\n<blockquote class=\"wp-block-quote has-text-align-center has-small-font-size is-layout-flow wp-block-quote-is-layout-flow\">\n<p class=\"has-text-align-center\">\u201cLa photographie a ouvert des horizons illimit\u00e9s \u00e0 la pathologie du progr\u00e8s, puisqu&rsquo;elle nous a incit\u00e9s \u00e0 d\u00e9l\u00e9guer \u00e0 la multitude de nos machines de vision le pouvoir exorbitant de regarder le monde, de le repr\u00e9senter, de le contr\u00f4ler.\u201d<\/p>\n<cite><a href=\"https:\/\/fr.wikipedia.org\/wiki\/Paul_Virilio\"><em>Paul Virilio (urbaniste)<\/em><\/a><\/cite><\/blockquote>\n\n\n\n<p class=\"has-text-align-center has-medium-font-size\"><strong><em>Nous remercions <a href=\"https:\/\/www.pixhel.net\/\" data-type=\"URL\" data-id=\"https:\/\/www.pixhel.net\/\"><strong>\u00a9<\/strong>Charly HEL de Pix&rsquo;Hel Productions<\/a> qui \u00e0 travers ses photos a mis en lumi\u00e8re et en valeur le savoir-faire de nos \u00e9quipes.<\/em><\/strong><\/p>\n\n\n\n<figure class=\"wp-block-image alignwide size-large\"><img decoding=\"async\" width=\"1024\" height=\"683\" data-src=\"http:\/\/pdfbtpj.cluster030.hosting.ovh.net\/wp-content\/uploads\/2023\/03\/006_Fontenay_aux_Roses_Place_de_la_Mairie_BD-1024x683.jpg\" alt=\"\" class=\"wp-image-140 lazyload\" data-srcset=\"https:\/\/pdf-btp.fr\/wp-content\/uploads\/2023\/03\/006_Fontenay_aux_Roses_Place_de_la_Mairie_BD-1024x683.jpg 1024w, https:\/\/pdf-btp.fr\/wp-content\/uploads\/2023\/03\/006_Fontenay_aux_Roses_Place_de_la_Mairie_BD-300x200.jpg 300w, https:\/\/pdf-btp.fr\/wp-content\/uploads\/2023\/03\/006_Fontenay_aux_Roses_Place_de_la_Mairie_BD-768x512.jpg 768w, https:\/\/pdf-btp.fr\/wp-content\/uploads\/2023\/03\/006_Fontenay_aux_Roses_Place_de_la_Mairie_BD-1536x1024.jpg 1536w, https:\/\/pdf-btp.fr\/wp-content\/uploads\/2023\/03\/006_Fontenay_aux_Roses_Place_de_la_Mairie_BD-2048x1365.jpg 2048w, https:\/\/pdf-btp.fr\/wp-content\/uploads\/2023\/03\/006_Fontenay_aux_Roses_Place_de_la_Mairie_BD-2000x1333.jpg 2000w\" data-sizes=\"(max-width: 1024px) 100vw, 1024px\" src=\"data:image\/svg+xml;base64,PHN2ZyB3aWR0aD0iMSIgaGVpZ2h0PSIxIiB4bWxucz0iaHR0cDovL3d3dy53My5vcmcvMjAwMC9zdmciPjwvc3ZnPg==\" style=\"--smush-placeholder-width: 1024px; --smush-placeholder-aspect-ratio: 1024\/683;\" \/><figcaption class=\"wp-element-caption\"><a href=\"https:\/\/www.pixhel.net\/\" data-type=\"URL\" data-id=\"https:\/\/www.pixhel.net\/\">Photo \u00a9 Charly HEL&nbsp;de Pix\u2019Hel Productions<\/a><\/figcaption><\/figure>\n","protected":false},"excerpt":{"rendered":"<p>\u201cLa photographie a ouvert des horizons illimit\u00e9s \u00e0 la pathologie du progr\u00e8s, puisqu&rsquo;elle nous a incit\u00e9s \u00e0 d\u00e9l\u00e9guer \u00e0 la multitude de nos machines de vision le pouvoir exorbitant de regarder le monde, de le repr\u00e9senter, de le contr\u00f4ler.\u201d Paul Virilio (urbaniste) Nous remercions \u00a9Charly HEL de Pix&rsquo;Hel Productions qui \u00e0 travers ses photos a &hellip; <\/p>\n<p class=\"link-more\"><a href=\"https:\/\/pdf-btp.fr\/index.php\/remerciements\/\" class=\"more-link\">Lire la suite de<span class=\"screen-reader-text\">\u00ab\u00a0Photos\u00a9Charly HEL\u00a0\u00bb<\/span><\/a><\/p>\n","protected":false},"author":3,"featured_media":117,"parent":0,"menu_order":0,"comment_status":"closed","ping_status":"closed","template":"","meta":{"footnotes":""},"class_list":["post-237","page","type-page","status-publish","has-post-thumbnail","hentry"],"yoast_head":"<!-- This site is optimized with the Yoast SEO plugin v27.3 - https:\/\/yoast.com\/product\/yoast-seo-wordpress\/ -->\n<title>Photos\u00a9Charly HEL - PDF-BTP<\/title>\n<meta name=\"robots\" content=\"index, follow, max-snippet:-1, max-image-preview:large, max-video-preview:-1\" \/>\n<link rel=\"canonical\" href=\"https:\/\/pdf-btp.fr\/index.php\/remerciements\/\" \/>\n<meta property=\"og:locale\" content=\"fr_FR\" \/>\n<meta property=\"og:type\" content=\"article\" \/>\n<meta property=\"og:title\" content=\"Photos\u00a9Charly HEL - PDF-BTP\" \/>\n<meta property=\"og:description\" content=\"\u201cLa photographie a ouvert des horizons illimit\u00e9s \u00e0 la pathologie du progr\u00e8s, puisqu&rsquo;elle nous a incit\u00e9s \u00e0 d\u00e9l\u00e9guer \u00e0 la multitude de nos machines de vision le pouvoir exorbitant de regarder le monde, de le repr\u00e9senter, de le contr\u00f4ler.\u201d Paul Virilio (urbaniste) Nous remercions \u00a9Charly HEL de Pix&rsquo;Hel Productions qui \u00e0 travers ses photos a &hellip; Lire la suite de\u00ab\u00a0Photos\u00a9Charly HEL\u00a0\u00bb\" \/>\n<meta property=\"og:url\" content=\"https:\/\/pdf-btp.fr\/index.php\/remerciements\/\" \/>\n<meta property=\"og:site_name\" content=\"PDF-BTP\" \/>\n<meta property=\"article:modified_time\" content=\"2023-03-15T09:10:03+00:00\" \/>\n<meta property=\"og:image\" content=\"https:\/\/pdf-btp.fr\/wp-content\/uploads\/2023\/03\/008_Ablis_Cimetiere_Rue_de_leurope_et_Pierre_Trouve_BD1-scaled.jpg\" \/>\n\t<meta property=\"og:image:width\" content=\"2560\" \/>\n\t<meta property=\"og:image:height\" content=\"1552\" \/>\n\t<meta property=\"og:image:type\" content=\"image\/jpeg\" \/>\n<meta name=\"twitter:card\" content=\"summary_large_image\" \/>\n<script type=\"application\/ld+json\" class=\"yoast-schema-graph\">{\"@context\":\"https:\\\/\\\/schema.org\",\"@graph\":[{\"@type\":\"WebPage\",\"@id\":\"https:\\\/\\\/pdf-btp.fr\\\/index.php\\\/remerciements\\\/\",\"url\":\"https:\\\/\\\/pdf-btp.fr\\\/index.php\\\/remerciements\\\/\",\"name\":\"Photos\u00a9Charly HEL - PDF-BTP\",\"isPartOf\":{\"@id\":\"https:\\\/\\\/pdf-btp.fr\\\/#website\"},\"primaryImageOfPage\":{\"@id\":\"https:\\\/\\\/pdf-btp.fr\\\/index.php\\\/remerciements\\\/#primaryimage\"},\"image\":{\"@id\":\"https:\\\/\\\/pdf-btp.fr\\\/index.php\\\/remerciements\\\/#primaryimage\"},\"thumbnailUrl\":\"https:\\\/\\\/pdf-btp.fr\\\/wp-content\\\/uploads\\\/2023\\\/03\\\/008_Ablis_Cimetiere_Rue_de_leurope_et_Pierre_Trouve_BD1-scaled.jpg\",\"datePublished\":\"2023-03-14T09:36:36+00:00\",\"dateModified\":\"2023-03-15T09:10:03+00:00\",\"breadcrumb\":{\"@id\":\"https:\\\/\\\/pdf-btp.fr\\\/index.php\\\/remerciements\\\/#breadcrumb\"},\"inLanguage\":\"fr-FR\",\"potentialAction\":[{\"@type\":\"ReadAction\",\"target\":[\"https:\\\/\\\/pdf-btp.fr\\\/index.php\\\/remerciements\\\/\"]}]},{\"@type\":\"ImageObject\",\"inLanguage\":\"fr-FR\",\"@id\":\"https:\\\/\\\/pdf-btp.fr\\\/index.php\\\/remerciements\\\/#primaryimage\",\"url\":\"https:\\\/\\\/pdf-btp.fr\\\/wp-content\\\/uploads\\\/2023\\\/03\\\/008_Ablis_Cimetiere_Rue_de_leurope_et_Pierre_Trouve_BD1-scaled.jpg\",\"contentUrl\":\"https:\\\/\\\/pdf-btp.fr\\\/wp-content\\\/uploads\\\/2023\\\/03\\\/008_Ablis_Cimetiere_Rue_de_leurope_et_Pierre_Trouve_BD1-scaled.jpg\",\"width\":2560,\"height\":1552},{\"@type\":\"BreadcrumbList\",\"@id\":\"https:\\\/\\\/pdf-btp.fr\\\/index.php\\\/remerciements\\\/#breadcrumb\",\"itemListElement\":[{\"@type\":\"ListItem\",\"position\":1,\"name\":\"Accueil\",\"item\":\"https:\\\/\\\/pdf-btp.fr\\\/\"},{\"@type\":\"ListItem\",\"position\":2,\"name\":\"Photos\u00a9Charly HEL\"}]},{\"@type\":\"WebSite\",\"@id\":\"https:\\\/\\\/pdf-btp.fr\\\/#website\",\"url\":\"https:\\\/\\\/pdf-btp.fr\\\/\",\"name\":\"PDF-BTP\",\"description\":\"Sp\u00e9cialiste de l&#039;am\u00e9nagement urbain\",\"publisher\":{\"@id\":\"https:\\\/\\\/pdf-btp.fr\\\/#organization\"},\"potentialAction\":[{\"@type\":\"SearchAction\",\"target\":{\"@type\":\"EntryPoint\",\"urlTemplate\":\"https:\\\/\\\/pdf-btp.fr\\\/?s={search_term_string}\"},\"query-input\":{\"@type\":\"PropertyValueSpecification\",\"valueRequired\":true,\"valueName\":\"search_term_string\"}}],\"inLanguage\":\"fr-FR\"},{\"@type\":\"Organization\",\"@id\":\"https:\\\/\\\/pdf-btp.fr\\\/#organization\",\"name\":\"PDF-BTP\",\"url\":\"https:\\\/\\\/pdf-btp.fr\\\/\",\"logo\":{\"@type\":\"ImageObject\",\"inLanguage\":\"fr-FR\",\"@id\":\"https:\\\/\\\/pdf-btp.fr\\\/#\\\/schema\\\/logo\\\/image\\\/\",\"url\":\"https:\\\/\\\/pdf-btp.fr\\\/wp-content\\\/uploads\\\/2023\\\/03\\\/Logo_PDF_PANNEAU_3000x1800_4266_BD-scaled.jpg\",\"contentUrl\":\"https:\\\/\\\/pdf-btp.fr\\\/wp-content\\\/uploads\\\/2023\\\/03\\\/Logo_PDF_PANNEAU_3000x1800_4266_BD-scaled.jpg\",\"width\":2560,\"height\":1536,\"caption\":\"PDF-BTP\"},\"image\":{\"@id\":\"https:\\\/\\\/pdf-btp.fr\\\/#\\\/schema\\\/logo\\\/image\\\/\"}}]}<\/script>\n<!-- \/ Yoast SEO plugin. -->","yoast_head_json":{"title":"Photos\u00a9Charly HEL - PDF-BTP","robots":{"index":"index","follow":"follow","max-snippet":"max-snippet:-1","max-image-preview":"max-image-preview:large","max-video-preview":"max-video-preview:-1"},"canonical":"https:\/\/pdf-btp.fr\/index.php\/remerciements\/","og_locale":"fr_FR","og_type":"article","og_title":"Photos\u00a9Charly HEL - PDF-BTP","og_description":"\u201cLa photographie a ouvert des horizons illimit\u00e9s \u00e0 la pathologie du progr\u00e8s, puisqu&rsquo;elle nous a incit\u00e9s \u00e0 d\u00e9l\u00e9guer \u00e0 la multitude de nos machines de vision le pouvoir exorbitant de regarder le monde, de le repr\u00e9senter, de le contr\u00f4ler.\u201d Paul Virilio (urbaniste) Nous remercions \u00a9Charly HEL de Pix&rsquo;Hel Productions qui \u00e0 travers ses photos a &hellip; Lire la suite de\u00ab\u00a0Photos\u00a9Charly HEL\u00a0\u00bb","og_url":"https:\/\/pdf-btp.fr\/index.php\/remerciements\/","og_site_name":"PDF-BTP","article_modified_time":"2023-03-15T09:10:03+00:00","og_image":[{"width":2560,"height":1552,"url":"https:\/\/pdf-btp.fr\/wp-content\/uploads\/2023\/03\/008_Ablis_Cimetiere_Rue_de_leurope_et_Pierre_Trouve_BD1-scaled.jpg","type":"image\/jpeg"}],"twitter_card":"summary_large_image","schema":{"@context":"https:\/\/schema.org","@graph":[{"@type":"WebPage","@id":"https:\/\/pdf-btp.fr\/index.php\/remerciements\/","url":"https:\/\/pdf-btp.fr\/index.php\/remerciements\/","name":"Photos\u00a9Charly HEL - PDF-BTP","isPartOf":{"@id":"https:\/\/pdf-btp.fr\/#website"},"primaryImageOfPage":{"@id":"https:\/\/pdf-btp.fr\/index.php\/remerciements\/#primaryimage"},"image":{"@id":"https:\/\/pdf-btp.fr\/index.php\/remerciements\/#primaryimage"},"thumbnailUrl":"https:\/\/pdf-btp.fr\/wp-content\/uploads\/2023\/03\/008_Ablis_Cimetiere_Rue_de_leurope_et_Pierre_Trouve_BD1-scaled.jpg","datePublished":"2023-03-14T09:36:36+00:00","dateModified":"2023-03-15T09:10:03+00:00","breadcrumb":{"@id":"https:\/\/pdf-btp.fr\/index.php\/remerciements\/#breadcrumb"},"inLanguage":"fr-FR","potentialAction":[{"@type":"ReadAction","target":["https:\/\/pdf-btp.fr\/index.php\/remerciements\/"]}]},{"@type":"ImageObject","inLanguage":"fr-FR","@id":"https:\/\/pdf-btp.fr\/index.php\/remerciements\/#primaryimage","url":"https:\/\/pdf-btp.fr\/wp-content\/uploads\/2023\/03\/008_Ablis_Cimetiere_Rue_de_leurope_et_Pierre_Trouve_BD1-scaled.jpg","contentUrl":"https:\/\/pdf-btp.fr\/wp-content\/uploads\/2023\/03\/008_Ablis_Cimetiere_Rue_de_leurope_et_Pierre_Trouve_BD1-scaled.jpg","width":2560,"height":1552},{"@type":"BreadcrumbList","@id":"https:\/\/pdf-btp.fr\/index.php\/remerciements\/#breadcrumb","itemListElement":[{"@type":"ListItem","position":1,"name":"Accueil","item":"https:\/\/pdf-btp.fr\/"},{"@type":"ListItem","position":2,"name":"Photos\u00a9Charly HEL"}]},{"@type":"WebSite","@id":"https:\/\/pdf-btp.fr\/#website","url":"https:\/\/pdf-btp.fr\/","name":"PDF-BTP","description":"Sp\u00e9cialiste de l&#039;am\u00e9nagement urbain","publisher":{"@id":"https:\/\/pdf-btp.fr\/#organization"},"potentialAction":[{"@type":"SearchAction","target":{"@type":"EntryPoint","urlTemplate":"https:\/\/pdf-btp.fr\/?s={search_term_string}"},"query-input":{"@type":"PropertyValueSpecification","valueRequired":true,"valueName":"search_term_string"}}],"inLanguage":"fr-FR"},{"@type":"Organization","@id":"https:\/\/pdf-btp.fr\/#organization","name":"PDF-BTP","url":"https:\/\/pdf-btp.fr\/","logo":{"@type":"ImageObject","inLanguage":"fr-FR","@id":"https:\/\/pdf-btp.fr\/#\/schema\/logo\/image\/","url":"https:\/\/pdf-btp.fr\/wp-content\/uploads\/2023\/03\/Logo_PDF_PANNEAU_3000x1800_4266_BD-scaled.jpg","contentUrl":"https:\/\/pdf-btp.fr\/wp-content\/uploads\/2023\/03\/Logo_PDF_PANNEAU_3000x1800_4266_BD-scaled.jpg","width":2560,"height":1536,"caption":"PDF-BTP"},"image":{"@id":"https:\/\/pdf-btp.fr\/#\/schema\/logo\/image\/"}}]}},"_links":{"self":[{"href":"https:\/\/pdf-btp.fr\/index.php\/wp-json\/wp\/v2\/pages\/237","targetHints":{"allow":["GET"]}}],"collection":[{"href":"https:\/\/pdf-btp.fr\/index.php\/wp-json\/wp\/v2\/pages"}],"about":[{"href":"https:\/\/pdf-btp.fr\/index.php\/wp-json\/wp\/v2\/types\/page"}],"author":[{"embeddable":true,"href":"https:\/\/pdf-btp.fr\/index.php\/wp-json\/wp\/v2\/users\/3"}],"replies":[{"embeddable":true,"href":"https:\/\/pdf-btp.fr\/index.php\/wp-json\/wp\/v2\/comments?post=237"}],"version-history":[{"count":24,"href":"https:\/\/pdf-btp.fr\/index.php\/wp-json\/wp\/v2\/pages\/237\/revisions"}],"predecessor-version":[{"id":330,"href":"https:\/\/pdf-btp.fr\/index.php\/wp-json\/wp\/v2\/pages\/237\/revisions\/330"}],"wp:featuredmedia":[{"embeddable":true,"href":"https:\/\/pdf-btp.fr\/index.php\/wp-json\/wp\/v2\/media\/117"}],"wp:attachment":[{"href":"https:\/\/pdf-btp.fr\/index.php\/wp-json\/wp\/v2\/media?parent=237"}],"curies":[{"name":"wp","href":"https:\/\/api.w.org\/{rel}","templated":true}]}}